{"id":553,"date":"2024-02-15T17:34:40","date_gmt":"2024-02-15T15:34:40","guid":{"rendered":"https:\/\/solarisenergy.fi\/oma-voimalaitos\/"},"modified":"2025-08-06T15:49:39","modified_gmt":"2025-08-06T12:49:39","slug":"private-power-plant","status":"publish","type":"page","link":"https:\/\/solarisenergy.fi\/en\/private-power-plant\/","title":{"rendered":"Private Power Plants"},"content":{"rendered":"\n<div class=\"wp-block-columns fifty-fifty flex-rev-on-mbl is-layout-flex wp-container-core-columns-is-layout-28f84493 wp-block-columns-is-layout-flex\">\n<div class=\"wp-block-column is-layout-flow wp-block-column-is-layout-flow\">\n<div class=\"wp-block-cover is-light\" style=\"min-height:65vh;aspect-ratio:unset;\"><img loading=\"lazy\" decoding=\"async\" width=\"1024\" height=\"768\" class=\"wp-block-cover__image-background wp-image-460 size-large\" alt=\"\" src=\"https:\/\/solarisenergy.fi\/wp-content\/uploads\/2024\/02\/vastavalo_tytto-1024x768.jpg\" data-object-fit=\"cover\" srcset=\"https:\/\/solarisenergy.fi\/wp-content\/uploads\/2024\/02\/vastavalo_tytto-1024x768.jpg 1024w, https:\/\/solarisenergy.fi\/wp-content\/uploads\/2024\/02\/vastavalo_tytto-300x225.jpg 300w, https:\/\/solarisenergy.fi\/wp-content\/uploads\/2024\/02\/vastavalo_tytto-768x576.jpg 768w, https:\/\/solarisenergy.fi\/wp-content\/uploads\/2024\/02\/vastavalo_tytto.jpg 1440w\" sizes=\"auto, (max-width: 1024px) 100vw, 1024px\" \/><span aria-hidden=\"true\" class=\"wp-block-cover__background has-background-dim-0 has-background-dim\" style=\"background-color:#b0b0b0\"><\/span><div class=\"wp-block-cover__inner-container has-global-padding is-layout-constrained wp-block-cover-is-layout-constrained\">\n<p class=\"has-text-align-center has-large-font-size\"><\/p>\n<\/div><\/div>\n<\/div>\n\n\n\n<div class=\"wp-block-column is-layout-flow wp-block-column-is-layout-flow\">\n<div class=\"wp-block-columns is-layout-flex wp-container-core-columns-is-layout-28f84493 wp-block-columns-is-layout-flex\">\n<div class=\"wp-block-column is-layout-flow wp-block-column-is-layout-flow\">\n<h1 class=\"wp-block-heading has-text-align-center\">PRIVATE POWER PLANT<\/h1>\n\n\n\n<p>Thanks to rapidly developing technology, the resources and tools for efficient, local energy production already exist.<\/p>\n<\/div>\n<\/div>\n<\/div>\n<\/div>\n\n\n\n<div class=\"wp-block-columns fifty-fifty is-layout-flex wp-container-core-columns-is-layout-28f84493 wp-block-columns-is-layout-flex\">\n<div class=\"wp-block-column is-layout-flow wp-block-column-is-layout-flow\">\n<div class=\"wp-block-columns is-layout-flex wp-container-core-columns-is-layout-28f84493 wp-block-columns-is-layout-flex\">\n<div class=\"wp-block-column is-layout-flow wp-block-column-is-layout-flow\">\n<h2 class=\"wp-block-heading has-text-align-center\">COOPERATIVE ENERGY<\/h2>\n\n\n\n<p>In the future, you may have a resident-owned power plant in your neighbourhood, operating according to the same logic as any cooperative. When well-maintained, the power plant produces all the energy needed in your surroundings, and the surplus electricity is sold to the national grid for others to use.<\/p>\n<\/div>\n<\/div>\n<\/div>\n\n\n\n<div class=\"wp-block-column is-layout-flow wp-block-column-is-layout-flow\">\n<div class=\"wp-block-cover\" style=\"min-height:70vh;aspect-ratio:unset;\"><img loading=\"lazy\" decoding=\"async\" width=\"1024\" height=\"782\" class=\"wp-block-cover__image-background wp-image-466 size-large\" alt=\"\" src=\"https:\/\/solarisenergy.fi\/wp-content\/uploads\/2024\/02\/yhteiso-1024x782.jpg\" data-object-fit=\"cover\" srcset=\"https:\/\/solarisenergy.fi\/wp-content\/uploads\/2024\/02\/yhteiso-1024x782.jpg 1024w, https:\/\/solarisenergy.fi\/wp-content\/uploads\/2024\/02\/yhteiso-300x229.jpg 300w, https:\/\/solarisenergy.fi\/wp-content\/uploads\/2024\/02\/yhteiso-768x586.jpg 768w, https:\/\/solarisenergy.fi\/wp-content\/uploads\/2024\/02\/yhteiso-1536x1173.jpg 1536w, https:\/\/solarisenergy.fi\/wp-content\/uploads\/2024\/02\/yhteiso.jpg 1920w\" sizes=\"auto, (max-width: 1024px) 100vw, 1024px\" \/><span aria-hidden=\"true\" class=\"wp-block-cover__background has-background-dim-0 has-background-dim\" style=\"background-color:#636363\"><\/span><div class=\"wp-block-cover__inner-container has-global-padding is-layout-constrained wp-block-cover-is-layout-constrained\">\n<p class=\"has-text-align-center has-large-font-size\"><\/p>\n<\/div><\/div>\n<\/div>\n<\/div>\n\n\n\n<div class=\"wp-block-columns fifty-fifty flex-rev-on-mbl is-layout-flex wp-container-core-columns-is-layout-28f84493 wp-block-columns-is-layout-flex\">\n<div class=\"wp-block-column is-layout-flow wp-block-column-is-layout-flow\">\n<div class=\"wp-block-cover\" style=\"min-height:100vh;aspect-ratio:unset;\"><img loading=\"lazy\" decoding=\"async\" width=\"1024\" height=\"682\" class=\"wp-block-cover__image-background wp-image-448 size-large\" alt=\"\" src=\"https:\/\/solarisenergy.fi\/wp-content\/uploads\/2024\/02\/perhe_niitylla-1024x682.jpg\" data-object-fit=\"cover\" srcset=\"https:\/\/solarisenergy.fi\/wp-content\/uploads\/2024\/02\/perhe_niitylla-1024x682.jpg 1024w, https:\/\/solarisenergy.fi\/wp-content\/uploads\/2024\/02\/perhe_niitylla-300x200.jpg 300w, https:\/\/solarisenergy.fi\/wp-content\/uploads\/2024\/02\/perhe_niitylla-768x511.jpg 768w, https:\/\/solarisenergy.fi\/wp-content\/uploads\/2024\/02\/perhe_niitylla-1536x1022.jpg 1536w, https:\/\/solarisenergy.fi\/wp-content\/uploads\/2024\/02\/perhe_niitylla.jpg 1920w\" sizes=\"auto, (max-width: 1024px) 100vw, 1024px\" \/><span aria-hidden=\"true\" class=\"wp-block-cover__background has-background-dim-0 has-background-dim\" style=\"background-color:#787878\"><\/span><div class=\"wp-block-cover__inner-container has-global-padding is-layout-constrained wp-block-cover-is-layout-constrained\">\n<p class=\"has-text-align-center has-large-font-size\"><\/p>\n<\/div><\/div>\n<\/div>\n\n\n\n<div class=\"wp-block-column is-layout-flow wp-block-column-is-layout-flow\">\n<div class=\"wp-block-columns is-layout-flex wp-container-core-columns-is-layout-28f84493 wp-block-columns-is-layout-flex\">\n<div class=\"wp-block-column is-layout-flow wp-block-column-is-layout-flow\">\n<h2 class=\"wp-block-heading has-text-align-center\">LOCAL POWER<\/h2>\n\n\n\n<p>When the time comes to establish your own local power plant, you can rely on our expertise. We have been exploring and developing the technology, financing models, and management of shareholder-owned small-scale power plants for a long time.<\/p>\n<\/div>\n<\/div>\n<\/div>\n<\/div>\n\n\n\n<div class=\"wp-block-columns is-layout-flex wp-container-core-columns-is-layout-28f84493 wp-block-columns-is-layout-flex\">\n<div class=\"wp-block-column custom-cta-with-bg is-layout-flow wp-block-column-is-layout-flow\" style=\"flex-basis:100%\">\n<div class=\"wp-block-cover\" style=\"min-height:50vh;aspect-ratio:unset;\"><img loading=\"lazy\" decoding=\"async\" width=\"1024\" height=\"680\" class=\"wp-block-cover__image-background wp-image-454 size-large\" alt=\"\" src=\"https:\/\/solarisenergy.fi\/wp-content\/uploads\/2024\/02\/suo-1024x680.jpg\" data-object-fit=\"cover\" srcset=\"https:\/\/solarisenergy.fi\/wp-content\/uploads\/2024\/02\/suo-1024x680.jpg 1024w, https:\/\/solarisenergy.fi\/wp-content\/uploads\/2024\/02\/suo-300x199.jpg 300w, https:\/\/solarisenergy.fi\/wp-content\/uploads\/2024\/02\/suo-768x510.jpg 768w, https:\/\/solarisenergy.fi\/wp-content\/uploads\/2024\/02\/suo-1536x1020.jpg 1536w, https:\/\/solarisenergy.fi\/wp-content\/uploads\/2024\/02\/suo.jpg 1920w\" sizes=\"auto, (max-width: 1024px) 100vw, 1024px\" \/><span aria-hidden=\"true\" class=\"wp-block-cover__background has-background-dim-20 has-background-dim\" style=\"background-color:#767676\"><\/span><div class=\"wp-block-cover__inner-container has-global-padding is-layout-constrained wp-block-cover-is-layout-constrained\">\n<div class=\"wp-block-buttons is-content-justification-center is-layout-flex wp-container-core-buttons-is-layout-a89b3969 wp-block-buttons-is-layout-flex\">\n<div class=\"wp-block-button .hover-text-inverted\"><a class=\"wp-block-button__link wp-element-button\" href=\"\/en#contact\">Contact us<\/a><\/div>\n<\/div>\n<\/div><\/div>\n<\/div>\n<\/div>\n","protected":false},"excerpt":{"rendered":"<p>PRIVATE POWER PLANT Thanks to rapidly developing technology, the resources and tools for efficient, local energy production already exist. COOPERATIVE ENERGY In the future, you may have a resident-owned power plant in your neighbourhood, operating according to the same logic as any cooperative. When well-maintained, the power plant produces all the energy needed in your [&hellip;]<\/p>\n","protected":false},"author":1,"featured_media":0,"parent":0,"menu_order":0,"comment_status":"closed","ping_status":"closed","template":"","meta":{"footnotes":""},"class_list":["post-553","page","type-page","status-publish","hentry"],"yoast_head":"<!-- This site is optimized with the Yoast SEO plugin v27.0 - https:\/\/yoast.com\/product\/yoast-seo-wordpress\/ -->\n<title>Solaris Energy - Private power plant for local energy production<\/title>\n<meta name=\"description\" content=\"In the future, you may have a resident-owned, private power plant in your neighbourhood, operating as any cooperative.\" \/>\n<meta name=\"robots\" content=\"index, follow, max-snippet:-1, max-image-preview:large, max-video-preview:-1\" \/>\n<link rel=\"canonical\" href=\"https:\/\/solarisenergy.fi\/en\/private-power-plant\/\" \/>\n<meta property=\"og:locale\" content=\"en_US\" \/>\n<meta property=\"og:type\" content=\"article\" \/>\n<meta property=\"og:title\" content=\"Solaris Energy - Private power plant for local energy production\" \/>\n<meta property=\"og:description\" content=\"In the future, you may have a resident-owned power plant in your neighbourhood, operating according to the same logic as any cooperative.\" \/>\n<meta property=\"og:url\" content=\"https:\/\/solarisenergy.fi\/en\/private-power-plant\/\" \/>\n<meta property=\"og:site_name\" content=\"Solaris Energy\" \/>\n<meta property=\"article:modified_time\" content=\"2025-08-06T12:49:39+00:00\" \/>\n<meta property=\"og:image\" content=\"https:\/\/solarisenergy.fi\/wp-content\/uploads\/2024\/02\/partamies_1200x675.png\" \/>\n\t<meta property=\"og:image:width\" content=\"1200\" \/>\n\t<meta property=\"og:image:height\" content=\"675\" \/>\n\t<meta property=\"og:image:type\" content=\"image\/png\" \/>\n<meta name=\"twitter:card\" content=\"summary_large_image\" \/>\n<meta name=\"twitter:title\" content=\"Solaris Energy - Oma voimalaitos, mahdollisuus paikalliseen energiantuotantoon\" \/>\n<meta name=\"twitter:description\" content=\"Asuinalueellasi voi tulevaisuudessa py\u00f6ri\u00e4 asukkaiden omistama voimalaitos, joka toimii samalla logiikalla kuin asunto-osakeyhti\u00f6.\" \/>\n<meta name=\"twitter:image\" content=\"https:\/\/solarisenergy.fi\/wp-content\/uploads\/2024\/02\/partamies_1200x675.png\" \/>\n<meta name=\"twitter:label1\" content=\"Est. reading time\" \/>\n\t<meta name=\"twitter:data1\" content=\"2 minutes\" \/>\n<script type=\"application\/ld+json\" class=\"yoast-schema-graph\">{\"@context\":\"https:\/\/schema.org\",\"@graph\":[{\"@type\":\"WebPage\",\"@id\":\"https:\/\/solarisenergy.fi\/en\/private-power-plant\/\",\"url\":\"https:\/\/solarisenergy.fi\/en\/private-power-plant\/\",\"name\":\"Solaris Energy - Private power plant for local energy production\",\"isPartOf\":{\"@id\":\"https:\/\/solarisenergy.local\/#website\"},\"primaryImageOfPage\":{\"@id\":\"https:\/\/solarisenergy.fi\/en\/private-power-plant\/#primaryimage\"},\"image\":{\"@id\":\"https:\/\/solarisenergy.fi\/en\/private-power-plant\/#primaryimage\"},\"thumbnailUrl\":\"https:\/\/solarisenergy.fi\/wp-content\/uploads\/2024\/02\/vastavalo_tytto-1024x768.jpg\",\"datePublished\":\"2024-02-15T15:34:40+00:00\",\"dateModified\":\"2025-08-06T12:49:39+00:00\",\"description\":\"In the future, you may have a resident-owned, private power plant in your neighbourhood, operating as any cooperative.\",\"inLanguage\":\"en-US\",\"potentialAction\":[{\"@type\":\"ReadAction\",\"target\":[\"https:\/\/solarisenergy.fi\/en\/private-power-plant\/\"]}]},{\"@type\":\"ImageObject\",\"inLanguage\":\"en-US\",\"@id\":\"https:\/\/solarisenergy.fi\/en\/private-power-plant\/#primaryimage\",\"url\":\"https:\/\/solarisenergy.fi\/wp-content\/uploads\/2024\/02\/vastavalo_tytto-1024x768.jpg\",\"contentUrl\":\"https:\/\/solarisenergy.fi\/wp-content\/uploads\/2024\/02\/vastavalo_tytto-1024x768.jpg\"},{\"@type\":\"WebSite\",\"@id\":\"https:\/\/solarisenergy.local\/#website\",\"url\":\"https:\/\/solarisenergy.local\/\",\"name\":\"Solaris Energy\",\"description\":\"\",\"publisher\":{\"@id\":\"https:\/\/solarisenergy.local\/#organization\"},\"potentialAction\":[{\"@type\":\"SearchAction\",\"target\":{\"@type\":\"EntryPoint\",\"urlTemplate\":\"https:\/\/solarisenergy.local\/?s={search_term_string}\"},\"query-input\":{\"@type\":\"PropertyValueSpecification\",\"valueRequired\":true,\"valueName\":\"search_term_string\"}}],\"inLanguage\":\"en-US\"},{\"@type\":\"Organization\",\"@id\":\"https:\/\/solarisenergy.local\/#organization\",\"name\":\"Solaris Energy\",\"url\":\"https:\/\/solarisenergy.local\/\",\"logo\":{\"@type\":\"ImageObject\",\"inLanguage\":\"en-US\",\"@id\":\"https:\/\/solarisenergy.local\/#\/schema\/logo\/image\/\",\"url\":\"https:\/\/solarisenergy.fi\/wp-content\/uploads\/2024\/02\/SolarisGroup_logo2.png\",\"contentUrl\":\"https:\/\/solarisenergy.fi\/wp-content\/uploads\/2024\/02\/SolarisGroup_logo2.png\",\"width\":1059,\"height\":177,\"caption\":\"Solaris Energy\"},\"image\":{\"@id\":\"https:\/\/solarisenergy.local\/#\/schema\/logo\/image\/\"}}]}<\/script>\n<!-- \/ Yoast SEO plugin. -->","yoast_head_json":{"title":"Solaris Energy - Private power plant for local energy production","description":"In the future, you may have a resident-owned, private power plant in your neighbourhood, operating as any cooperative.","robots":{"index":"index","follow":"follow","max-snippet":"max-snippet:-1","max-image-preview":"max-image-preview:large","max-video-preview":"max-video-preview:-1"},"canonical":"https:\/\/solarisenergy.fi\/en\/private-power-plant\/","og_locale":"en_US","og_type":"article","og_title":"Solaris Energy - Private power plant for local energy production","og_description":"In the future, you may have a resident-owned power plant in your neighbourhood, operating according to the same logic as any cooperative.","og_url":"https:\/\/solarisenergy.fi\/en\/private-power-plant\/","og_site_name":"Solaris Energy","article_modified_time":"2025-08-06T12:49:39+00:00","og_image":[{"width":1200,"height":675,"url":"https:\/\/solarisenergy.fi\/wp-content\/uploads\/2024\/02\/partamies_1200x675.png","type":"image\/png"}],"twitter_card":"summary_large_image","twitter_title":"Solaris Energy - Oma voimalaitos, mahdollisuus paikalliseen energiantuotantoon","twitter_description":"Asuinalueellasi voi tulevaisuudessa py\u00f6ri\u00e4 asukkaiden omistama voimalaitos, joka toimii samalla logiikalla kuin asunto-osakeyhti\u00f6.","twitter_image":"https:\/\/solarisenergy.fi\/wp-content\/uploads\/2024\/02\/partamies_1200x675.png","twitter_misc":{"Est. reading time":"2 minutes"},"schema":{"@context":"https:\/\/schema.org","@graph":[{"@type":"WebPage","@id":"https:\/\/solarisenergy.fi\/en\/private-power-plant\/","url":"https:\/\/solarisenergy.fi\/en\/private-power-plant\/","name":"Solaris Energy - Private power plant for local energy production","isPartOf":{"@id":"https:\/\/solarisenergy.local\/#website"},"primaryImageOfPage":{"@id":"https:\/\/solarisenergy.fi\/en\/private-power-plant\/#primaryimage"},"image":{"@id":"https:\/\/solarisenergy.fi\/en\/private-power-plant\/#primaryimage"},"thumbnailUrl":"https:\/\/solarisenergy.fi\/wp-content\/uploads\/2024\/02\/vastavalo_tytto-1024x768.jpg","datePublished":"2024-02-15T15:34:40+00:00","dateModified":"2025-08-06T12:49:39+00:00","description":"In the future, you may have a resident-owned, private power plant in your neighbourhood, operating as any cooperative.","inLanguage":"en-US","potentialAction":[{"@type":"ReadAction","target":["https:\/\/solarisenergy.fi\/en\/private-power-plant\/"]}]},{"@type":"ImageObject","inLanguage":"en-US","@id":"https:\/\/solarisenergy.fi\/en\/private-power-plant\/#primaryimage","url":"https:\/\/solarisenergy.fi\/wp-content\/uploads\/2024\/02\/vastavalo_tytto-1024x768.jpg","contentUrl":"https:\/\/solarisenergy.fi\/wp-content\/uploads\/2024\/02\/vastavalo_tytto-1024x768.jpg"},{"@type":"WebSite","@id":"https:\/\/solarisenergy.local\/#website","url":"https:\/\/solarisenergy.local\/","name":"Solaris Energy","description":"","publisher":{"@id":"https:\/\/solarisenergy.local\/#organization"},"potentialAction":[{"@type":"SearchAction","target":{"@type":"EntryPoint","urlTemplate":"https:\/\/solarisenergy.local\/?s={search_term_string}"},"query-input":{"@type":"PropertyValueSpecification","valueRequired":true,"valueName":"search_term_string"}}],"inLanguage":"en-US"},{"@type":"Organization","@id":"https:\/\/solarisenergy.local\/#organization","name":"Solaris Energy","url":"https:\/\/solarisenergy.local\/","logo":{"@type":"ImageObject","inLanguage":"en-US","@id":"https:\/\/solarisenergy.local\/#\/schema\/logo\/image\/","url":"https:\/\/solarisenergy.fi\/wp-content\/uploads\/2024\/02\/SolarisGroup_logo2.png","contentUrl":"https:\/\/solarisenergy.fi\/wp-content\/uploads\/2024\/02\/SolarisGroup_logo2.png","width":1059,"height":177,"caption":"Solaris Energy"},"image":{"@id":"https:\/\/solarisenergy.local\/#\/schema\/logo\/image\/"}}]}},"_links":{"self":[{"href":"https:\/\/solarisenergy.fi\/en\/wp-json\/wp\/v2\/pages\/553","targetHints":{"allow":["GET"]}}],"collection":[{"href":"https:\/\/solarisenergy.fi\/en\/wp-json\/wp\/v2\/pages"}],"about":[{"href":"https:\/\/solarisenergy.fi\/en\/wp-json\/wp\/v2\/types\/page"}],"author":[{"embeddable":true,"href":"https:\/\/solarisenergy.fi\/en\/wp-json\/wp\/v2\/users\/1"}],"replies":[{"embeddable":true,"href":"https:\/\/solarisenergy.fi\/en\/wp-json\/wp\/v2\/comments?post=553"}],"version-history":[{"count":9,"href":"https:\/\/solarisenergy.fi\/en\/wp-json\/wp\/v2\/pages\/553\/revisions"}],"predecessor-version":[{"id":922,"href":"https:\/\/solarisenergy.fi\/en\/wp-json\/wp\/v2\/pages\/553\/revisions\/922"}],"wp:attachment":[{"href":"https:\/\/solarisenergy.fi\/en\/wp-json\/wp\/v2\/media?parent=553"}],"curies":[{"name":"wp","href":"https:\/\/api.w.org\/{rel}","templated":true}]}}