{"id":916,"date":"2024-02-15T17:21:58","date_gmt":"2024-02-15T15:21:58","guid":{"rendered":"https:\/\/solarisenergy.local\/?page_id=916"},"modified":"2025-08-06T15:18:06","modified_gmt":"2025-08-06T12:18:06","slug":"for-landowners-and-municipalities","status":"publish","type":"page","link":"https:\/\/solarisenergy.fi\/en\/for-landowners-and-municipalities\/","title":{"rendered":"For landowners and municipalities"},"content":{"rendered":"\n<div class=\"wp-block-columns fifty-fifty flex-rev-on-mbl is-layout-flex wp-container-core-columns-is-layout-28f84493 wp-block-columns-is-layout-flex\" id=\"maanomistaja\">\n<div class=\"wp-block-column is-layout-flow wp-block-column-is-layout-flow\">\n<div class=\"wp-block-cover is-light\" style=\"min-height:75vh;aspect-ratio:unset;\"><img loading=\"lazy\" decoding=\"async\" width=\"1920\" height=\"1282\" class=\"wp-block-cover__image-background wp-image-46\" alt=\"Mies katsomassa yl\u00f6s tablettitietokone k\u00e4siss\u00e4\u00e4n.\" src=\"https:\/\/solarisenergy.fi\/wp-content\/uploads\/2024\/02\/mies_padi.jpg\" data-object-fit=\"cover\" srcset=\"https:\/\/solarisenergy.fi\/wp-content\/uploads\/2024\/02\/mies_padi.jpg 1920w, https:\/\/solarisenergy.fi\/wp-content\/uploads\/2024\/02\/mies_padi-300x200.jpg 300w, https:\/\/solarisenergy.fi\/wp-content\/uploads\/2024\/02\/mies_padi-1024x684.jpg 1024w, https:\/\/solarisenergy.fi\/wp-content\/uploads\/2024\/02\/mies_padi-768x513.jpg 768w, https:\/\/solarisenergy.fi\/wp-content\/uploads\/2024\/02\/mies_padi-1536x1026.jpg 1536w\" sizes=\"auto, (max-width: 1920px) 100vw, 1920px\" \/><span aria-hidden=\"true\" class=\"wp-block-cover__background has-background-dim-0 has-background-dim\" style=\"background-color:#ababab\"><\/span><div class=\"wp-block-cover__inner-container has-global-padding is-layout-constrained wp-block-cover-is-layout-constrained\">\n<p class=\"has-text-align-center has-large-font-size\"><\/p>\n<\/div><\/div>\n<\/div>\n\n\n\n<div class=\"wp-block-column is-layout-flow wp-block-column-is-layout-flow\">\n<div class=\"wp-block-columns is-layout-flex wp-container-core-columns-is-layout-28f84493 wp-block-columns-is-layout-flex\">\n<div class=\"wp-block-column is-layout-flow wp-block-column-is-layout-flow\">\n<h2 class=\"wp-block-heading has-text-align-center\">LANDOWNER<\/h2>\n\n\n\n<p>Do you want to start producing clean, renewable energy for the world? Renting your land to us will give you a long-term and stable return. We take care of all the permitting and paperwork for you.<\/p>\n\n\n\n<p>All you need to do is sign the rental agreement and let the sun do its job.<\/p>\n\n\n\n<div class=\"wp-block-buttons is-content-justification-left is-layout-flex wp-container-core-buttons-is-layout-fc4fd283 wp-block-buttons-is-layout-flex\">\n<div class=\"wp-block-button\"><a class=\"wp-block-button__link wp-element-button\" href=\"\/en#contact\">Contact!<\/a><\/div>\n<\/div>\n<\/div>\n<\/div>\n<\/div>\n<\/div>\n\n\n\n<div class=\"wp-block-columns fifty-fifty flex-rev-on-mbl is-layout-flex wp-container-core-columns-is-layout-28f84493 wp-block-columns-is-layout-flex\" id=\"vihrea-energia-ja-kunnat\">\n<div class=\"wp-block-column is-layout-flow wp-block-column-is-layout-flow\">\n<div class=\"wp-block-columns is-layout-flex wp-container-core-columns-is-layout-28f84493 wp-block-columns-is-layout-flex\">\n<div class=\"wp-block-column is-layout-flow wp-block-column-is-layout-flow\">\n<h2 class=\"wp-block-heading has-text-align-center\">FINLAND, THE ENDLESS POOL OF OPPORTUNITIES<\/h2>\n\n\n\n<p>Finland is a stable Scandinavian country up here in the North. We have a strong democracy, the happiest citizens in the world, free health care and education, over 300,000 lakes, and a sauna in the vicinity of every lake.<\/p>\n\n\n\n<p>We don\u2019t do corruption, discrimination, or engage in small talk. We love engineering, hiking, and javelin throwing. Today, Finland is a NATO country and a long-time member of the European Union.<\/p>\n\n\n\n<p>Above all, we know how to harness energy. Otherwise, we would have frozen a long time ago.<\/p>\n\n\n\n<div class=\"wp-block-buttons is-content-justification-left is-layout-flex wp-container-core-buttons-is-layout-fc4fd283 wp-block-buttons-is-layout-flex\">\n<div class=\"wp-block-button\"><a class=\"wp-block-button__link wp-element-button\" href=\"\/en#contact\">Contact!<\/a><\/div>\n<\/div>\n<\/div>\n<\/div>\n<\/div>\n\n\n\n<div class=\"wp-block-column is-layout-flow wp-block-column-is-layout-flow\">\n<div class=\"wp-block-cover is-light maximize-height\" style=\"min-height:960px;aspect-ratio:unset;\"><img loading=\"lazy\" decoding=\"async\" width=\"1080\" height=\"1349\" class=\"wp-block-cover__image-background wp-image-50\" alt=\"\" src=\"https:\/\/solarisenergy.fi\/wp-content\/uploads\/2024\/02\/toppatakkinainen.jpg\" data-object-fit=\"cover\" srcset=\"https:\/\/solarisenergy.fi\/wp-content\/uploads\/2024\/02\/toppatakkinainen.jpg 1080w, https:\/\/solarisenergy.fi\/wp-content\/uploads\/2024\/02\/toppatakkinainen-240x300.jpg 240w, https:\/\/solarisenergy.fi\/wp-content\/uploads\/2024\/02\/toppatakkinainen-820x1024.jpg 820w, https:\/\/solarisenergy.fi\/wp-content\/uploads\/2024\/02\/toppatakkinainen-768x959.jpg 768w\" sizes=\"auto, (max-width: 1080px) 100vw, 1080px\" \/><span aria-hidden=\"true\" class=\"wp-block-cover__background has-background-dim-0 has-background-dim\" style=\"background-color:#808080\"><\/span><div class=\"wp-block-cover__inner-container has-global-padding is-layout-constrained wp-block-cover-is-layout-constrained\">\n<p class=\"has-text-align-center has-large-font-size\"><\/p>\n<\/div><\/div>\n<\/div>\n<\/div>\n","protected":false},"excerpt":{"rendered":"<p>LANDOWNER Do you want to start producing clean, renewable energy for the world? Renting your land to us will give you a long-term and stable return. We take care of all the permitting and paperwork for you. All you need to do is sign the rental agreement and let the sun do its job. FINLAND, [&hellip;]<\/p>\n","protected":false},"author":4,"featured_media":0,"parent":0,"menu_order":0,"comment_status":"closed","ping_status":"closed","template":"","meta":{"footnotes":""},"class_list":["post-916","page","type-page","status-publish","hentry"],"yoast_head":"<!-- This site is optimized with the Yoast SEO plugin v27.0 - https:\/\/yoast.com\/product\/yoast-seo-wordpress\/ -->\n<title>For landowners and municipalities - Solaris Energy<\/title>\n<meta name=\"robots\" content=\"index, follow, max-snippet:-1, max-image-preview:large, max-video-preview:-1\" \/>\n<link rel=\"canonical\" href=\"https:\/\/solarisenergy.fi\/en\/for-landowners-and-municipalities\/\" \/>\n<meta property=\"og:locale\" content=\"en_US\" \/>\n<meta property=\"og:type\" content=\"article\" \/>\n<meta property=\"og:title\" content=\"For landowners and municipalities - Solaris Energy\" \/>\n<meta property=\"og:description\" content=\"LANDOWNER Do you want to start producing clean, renewable energy for the world? Renting your land to us will give you a long-term and stable return. We take care of all the permitting and paperwork for you. All you need to do is sign the rental agreement and let the sun do its job. FINLAND, [&hellip;]\" \/>\n<meta property=\"og:url\" content=\"https:\/\/solarisenergy.fi\/en\/for-landowners-and-municipalities\/\" \/>\n<meta property=\"og:site_name\" content=\"Solaris Energy\" \/>\n<meta property=\"article:modified_time\" content=\"2025-08-06T12:18:06+00:00\" \/>\n<meta property=\"og:image\" content=\"https:\/\/solarisenergy.fi\/wp-content\/uploads\/2024\/02\/mies_padi.jpg\" \/>\n<meta name=\"twitter:card\" content=\"summary_large_image\" \/>\n<meta name=\"twitter:label1\" content=\"Est. reading time\" \/>\n\t<meta name=\"twitter:data1\" content=\"2 minutes\" \/>\n<script type=\"application\/ld+json\" class=\"yoast-schema-graph\">{\"@context\":\"https:\/\/schema.org\",\"@graph\":[{\"@type\":\"WebPage\",\"@id\":\"https:\/\/solarisenergy.fi\/en\/for-landowners-and-municipalities\/\",\"url\":\"https:\/\/solarisenergy.fi\/en\/for-landowners-and-municipalities\/\",\"name\":\"For landowners and municipalities - Solaris Energy\",\"isPartOf\":{\"@id\":\"https:\/\/solarisenergy.local\/#website\"},\"primaryImageOfPage\":{\"@id\":\"https:\/\/solarisenergy.fi\/en\/for-landowners-and-municipalities\/#primaryimage\"},\"image\":{\"@id\":\"https:\/\/solarisenergy.fi\/en\/for-landowners-and-municipalities\/#primaryimage\"},\"thumbnailUrl\":\"https:\/\/solarisenergy.fi\/wp-content\/uploads\/2024\/02\/mies_padi.jpg\",\"datePublished\":\"2024-02-15T15:21:58+00:00\",\"dateModified\":\"2025-08-06T12:18:06+00:00\",\"inLanguage\":\"en-US\",\"potentialAction\":[{\"@type\":\"ReadAction\",\"target\":[\"https:\/\/solarisenergy.fi\/en\/for-landowners-and-municipalities\/\"]}]},{\"@type\":\"ImageObject\",\"inLanguage\":\"en-US\",\"@id\":\"https:\/\/solarisenergy.fi\/en\/for-landowners-and-municipalities\/#primaryimage\",\"url\":\"https:\/\/solarisenergy.fi\/wp-content\/uploads\/2024\/02\/mies_padi.jpg\",\"contentUrl\":\"https:\/\/solarisenergy.fi\/wp-content\/uploads\/2024\/02\/mies_padi.jpg\"},{\"@type\":\"WebSite\",\"@id\":\"https:\/\/solarisenergy.local\/#website\",\"url\":\"https:\/\/solarisenergy.local\/\",\"name\":\"Solaris Energy\",\"description\":\"\",\"publisher\":{\"@id\":\"https:\/\/solarisenergy.local\/#organization\"},\"potentialAction\":[{\"@type\":\"SearchAction\",\"target\":{\"@type\":\"EntryPoint\",\"urlTemplate\":\"https:\/\/solarisenergy.local\/?s={search_term_string}\"},\"query-input\":{\"@type\":\"PropertyValueSpecification\",\"valueRequired\":true,\"valueName\":\"search_term_string\"}}],\"inLanguage\":\"en-US\"},{\"@type\":\"Organization\",\"@id\":\"https:\/\/solarisenergy.local\/#organization\",\"name\":\"Solaris Energy\",\"url\":\"https:\/\/solarisenergy.local\/\",\"logo\":{\"@type\":\"ImageObject\",\"inLanguage\":\"en-US\",\"@id\":\"https:\/\/solarisenergy.local\/#\/schema\/logo\/image\/\",\"url\":\"https:\/\/solarisenergy.fi\/wp-content\/uploads\/2024\/02\/SolarisGroup_logo2.png\",\"contentUrl\":\"https:\/\/solarisenergy.fi\/wp-content\/uploads\/2024\/02\/SolarisGroup_logo2.png\",\"width\":1059,\"height\":177,\"caption\":\"Solaris Energy\"},\"image\":{\"@id\":\"https:\/\/solarisenergy.local\/#\/schema\/logo\/image\/\"}}]}<\/script>\n<!-- \/ Yoast SEO plugin. -->","yoast_head_json":{"title":"For landowners and municipalities - Solaris Energy","robots":{"index":"index","follow":"follow","max-snippet":"max-snippet:-1","max-image-preview":"max-image-preview:large","max-video-preview":"max-video-preview:-1"},"canonical":"https:\/\/solarisenergy.fi\/en\/for-landowners-and-municipalities\/","og_locale":"en_US","og_type":"article","og_title":"For landowners and municipalities - Solaris Energy","og_description":"LANDOWNER Do you want to start producing clean, renewable energy for the world? Renting your land to us will give you a long-term and stable return. We take care of all the permitting and paperwork for you. All you need to do is sign the rental agreement and let the sun do its job. FINLAND, [&hellip;]","og_url":"https:\/\/solarisenergy.fi\/en\/for-landowners-and-municipalities\/","og_site_name":"Solaris Energy","article_modified_time":"2025-08-06T12:18:06+00:00","og_image":[{"url":"https:\/\/solarisenergy.fi\/wp-content\/uploads\/2024\/02\/mies_padi.jpg","type":"","width":"","height":""}],"twitter_card":"summary_large_image","twitter_misc":{"Est. reading time":"2 minutes"},"schema":{"@context":"https:\/\/schema.org","@graph":[{"@type":"WebPage","@id":"https:\/\/solarisenergy.fi\/en\/for-landowners-and-municipalities\/","url":"https:\/\/solarisenergy.fi\/en\/for-landowners-and-municipalities\/","name":"For landowners and municipalities - Solaris Energy","isPartOf":{"@id":"https:\/\/solarisenergy.local\/#website"},"primaryImageOfPage":{"@id":"https:\/\/solarisenergy.fi\/en\/for-landowners-and-municipalities\/#primaryimage"},"image":{"@id":"https:\/\/solarisenergy.fi\/en\/for-landowners-and-municipalities\/#primaryimage"},"thumbnailUrl":"https:\/\/solarisenergy.fi\/wp-content\/uploads\/2024\/02\/mies_padi.jpg","datePublished":"2024-02-15T15:21:58+00:00","dateModified":"2025-08-06T12:18:06+00:00","inLanguage":"en-US","potentialAction":[{"@type":"ReadAction","target":["https:\/\/solarisenergy.fi\/en\/for-landowners-and-municipalities\/"]}]},{"@type":"ImageObject","inLanguage":"en-US","@id":"https:\/\/solarisenergy.fi\/en\/for-landowners-and-municipalities\/#primaryimage","url":"https:\/\/solarisenergy.fi\/wp-content\/uploads\/2024\/02\/mies_padi.jpg","contentUrl":"https:\/\/solarisenergy.fi\/wp-content\/uploads\/2024\/02\/mies_padi.jpg"},{"@type":"WebSite","@id":"https:\/\/solarisenergy.local\/#website","url":"https:\/\/solarisenergy.local\/","name":"Solaris Energy","description":"","publisher":{"@id":"https:\/\/solarisenergy.local\/#organization"},"potentialAction":[{"@type":"SearchAction","target":{"@type":"EntryPoint","urlTemplate":"https:\/\/solarisenergy.local\/?s={search_term_string}"},"query-input":{"@type":"PropertyValueSpecification","valueRequired":true,"valueName":"search_term_string"}}],"inLanguage":"en-US"},{"@type":"Organization","@id":"https:\/\/solarisenergy.local\/#organization","name":"Solaris Energy","url":"https:\/\/solarisenergy.local\/","logo":{"@type":"ImageObject","inLanguage":"en-US","@id":"https:\/\/solarisenergy.local\/#\/schema\/logo\/image\/","url":"https:\/\/solarisenergy.fi\/wp-content\/uploads\/2024\/02\/SolarisGroup_logo2.png","contentUrl":"https:\/\/solarisenergy.fi\/wp-content\/uploads\/2024\/02\/SolarisGroup_logo2.png","width":1059,"height":177,"caption":"Solaris Energy"},"image":{"@id":"https:\/\/solarisenergy.local\/#\/schema\/logo\/image\/"}}]}},"_links":{"self":[{"href":"https:\/\/solarisenergy.fi\/en\/wp-json\/wp\/v2\/pages\/916","targetHints":{"allow":["GET"]}}],"collection":[{"href":"https:\/\/solarisenergy.fi\/en\/wp-json\/wp\/v2\/pages"}],"about":[{"href":"https:\/\/solarisenergy.fi\/en\/wp-json\/wp\/v2\/types\/page"}],"author":[{"embeddable":true,"href":"https:\/\/solarisenergy.fi\/en\/wp-json\/wp\/v2\/users\/4"}],"replies":[{"embeddable":true,"href":"https:\/\/solarisenergy.fi\/en\/wp-json\/wp\/v2\/comments?post=916"}],"version-history":[{"count":1,"href":"https:\/\/solarisenergy.fi\/en\/wp-json\/wp\/v2\/pages\/916\/revisions"}],"predecessor-version":[{"id":917,"href":"https:\/\/solarisenergy.fi\/en\/wp-json\/wp\/v2\/pages\/916\/revisions\/917"}],"wp:attachment":[{"href":"https:\/\/solarisenergy.fi\/en\/wp-json\/wp\/v2\/media?parent=916"}],"curies":[{"name":"wp","href":"https:\/\/api.w.org\/{rel}","templated":true}]}}