{"id":1112,"date":"2026-03-09T15:41:07","date_gmt":"2026-03-09T13:41:07","guid":{"rendered":"https:\/\/solarisenergy.fi\/?page_id=1112"},"modified":"2026-03-10T11:59:46","modified_gmt":"2026-03-10T09:59:46","slug":"motti","status":"publish","type":"page","link":"https:\/\/solarisenergy.fi\/sv\/motti\/","title":{"rendered":"Motti"},"content":{"rendered":"\n<div class=\"wp-block-group has-global-padding is-layout-constrained wp-block-group-is-layout-constrained\">\n<div class=\"wp-block-cover aligncenter\"><img loading=\"lazy\" decoding=\"async\" width=\"1024\" height=\"684\" class=\"wp-block-cover__image-background wp-image-1076 size-large\" alt=\"\" src=\"https:\/\/solarisenergy.sarmantti.com\/wp-content\/uploads\/2026\/02\/photo-wood-texture-pattern-1024x684.png\" data-object-fit=\"cover\" srcset=\"https:\/\/solarisenergy.fi\/wp-content\/uploads\/2026\/02\/photo-wood-texture-pattern-1024x684.png 1024w, https:\/\/solarisenergy.fi\/wp-content\/uploads\/2026\/02\/photo-wood-texture-pattern-300x200.png 300w, https:\/\/solarisenergy.fi\/wp-content\/uploads\/2026\/02\/photo-wood-texture-pattern-768x513.png 768w, https:\/\/solarisenergy.fi\/wp-content\/uploads\/2026\/02\/photo-wood-texture-pattern-1536x1026.png 1536w, https:\/\/solarisenergy.fi\/wp-content\/uploads\/2026\/02\/photo-wood-texture-pattern.png 1920w\" sizes=\"auto, (max-width: 1024px) 100vw, 1024px\" \/><span aria-hidden=\"true\" class=\"wp-block-cover__background has-background-dim\"><\/span><div class=\"wp-block-cover__inner-container has-global-padding is-layout-constrained wp-block-cover-is-layout-constrained\">\n<div class=\"wp-block-columns is-layout-flex wp-container-core-columns-is-layout-3d675ecb wp-block-columns-is-layout-flex\" style=\"padding-top:0em;padding-right:0em;padding-bottom:0em;padding-left:0em\">\n<div class=\"wp-block-column is-layout-flow wp-block-column-is-layout-flow\">\n<h1 class=\"wp-block-heading has-text-align-center text-shadow has-oswald-font-family has-gigantic-font-size\" style=\"margin-top:0em;padding-top:0em;padding-right:0em;padding-bottom:0em;padding-left:0em;font-style:normal;font-weight:600;line-height:1;text-transform:uppercase\">Motti<\/h1>\n\n\n\n<p class=\"has-text-align-center subheading text-shadow has-oswald-font-family has-xl-font-size\" style=\"font-style:normal;font-weight:500;line-height:1.3;text-transform:uppercase\">MOTST\u00c5NDSKAP KALLAS SISU,<br>MOTTI KALLAS TJ\u00c4NSTES\u00c4KERHET.<\/p>\n<\/div>\n<\/div>\n<\/div><\/div>\n\n\n\n<div class=\"wp-block-group has-global-padding is-layout-constrained wp-container-core-group-is-layout-f5d9ffea wp-block-group-is-layout-constrained\" style=\"margin-top:2em;margin-bottom:2em;padding-right:1em;padding-left:1em\">\n<p><strong>MOTTI \u2013 Modular Operational Tactical Technology Interface<\/strong><\/p>\n\n\n\n<p>Motti \u00e4r en del av Finlands l\u00f6sning f\u00f6r kontinuitet i kritisk infrastruktur, som s\u00e4kerst\u00e4ller elf\u00f6rs\u00f6rjningen till viktiga platser under alla f\u00f6rh\u00e5llanden.<\/p>\n\n\n\n<p>Det nationella RGR-FI-programmet utvecklar ett rikst\u00e4ckande n\u00e4tverk best\u00e5ende av MOTTI-enheter i Finland.<\/p>\n\n\n\n<p>MOTTI-enheterna \u00e4r sammankopplade men inte beroende av varandra.<\/p>\n\n\n\n<p>MOTTI, som best\u00e5r av autonoma enheter, dimensioneras alltid efter platsen. Ingenting l\u00e4mnas \u00e5t slumpen n\u00e4r det g\u00e4ller s\u00e4kerhet och feltolerans. Enheterna \u00e4r utrustade f\u00f6r att motst\u00e5 b\u00e5de fysiska och cyberattacker och kan fj\u00e4rrstyras i realtid.<\/p>\n\n\n\n<p>Enheten kan kombineras med batterilagring och, vid behov, kontrollerad produktion f\u00f6r att s\u00e4kerst\u00e4lla kontinuitet i alla situationer.<\/p>\n\n\n\n<p>Vi ber\u00e4ttar g\u00e4rna <a href=\"\/sv\/#kontakta-oss\">mer<\/a>.<\/p>\n<\/div>\n<\/div>\n","protected":false},"excerpt":{"rendered":"<p>MOTTI \u2013 Modular Operational Tactical Technology Interface Motti \u00e4r en del av Finlands l\u00f6sning f\u00f6r kontinuitet i kritisk infrastruktur, som s\u00e4kerst\u00e4ller elf\u00f6rs\u00f6rjningen till viktiga platser under alla f\u00f6rh\u00e5llanden. Det nationella RGR-FI-programmet utvecklar ett rikst\u00e4ckande n\u00e4tverk best\u00e5ende av MOTTI-enheter i Finland. MOTTI-enheterna \u00e4r sammankopplade men inte beroende av varandra. MOTTI, som best\u00e5r av autonoma enheter, dimensioneras [&hellip;]<\/p>\n","protected":false},"author":4,"featured_media":0,"parent":0,"menu_order":0,"comment_status":"closed","ping_status":"closed","template":"","meta":{"footnotes":""},"class_list":["post-1112","page","type-page","status-publish","hentry"],"yoast_head":"<!-- This site is optimized with the Yoast SEO plugin v27.0 - https:\/\/yoast.com\/product\/yoast-seo-wordpress\/ -->\n<title>Motti - Solaris Energy<\/title>\n<meta name=\"robots\" content=\"index, follow, max-snippet:-1, max-image-preview:large, max-video-preview:-1\" \/>\n<link rel=\"canonical\" href=\"https:\/\/solarisenergy.fi\/sv\/motti\/\" \/>\n<meta property=\"og:locale\" content=\"sv_SE\" \/>\n<meta property=\"og:type\" content=\"article\" \/>\n<meta property=\"og:title\" content=\"Motti - Solaris Energy\" \/>\n<meta property=\"og:description\" content=\"MOTTI \u2013 Modular Operational Tactical Technology Interface Motti \u00e4r en del av Finlands l\u00f6sning f\u00f6r kontinuitet i kritisk infrastruktur, som s\u00e4kerst\u00e4ller elf\u00f6rs\u00f6rjningen till viktiga platser under alla f\u00f6rh\u00e5llanden. Det nationella RGR-FI-programmet utvecklar ett rikst\u00e4ckande n\u00e4tverk best\u00e5ende av MOTTI-enheter i Finland. MOTTI-enheterna \u00e4r sammankopplade men inte beroende av varandra. MOTTI, som best\u00e5r av autonoma enheter, dimensioneras [&hellip;]\" \/>\n<meta property=\"og:url\" content=\"https:\/\/solarisenergy.fi\/sv\/motti\/\" \/>\n<meta property=\"og:site_name\" content=\"Solaris Energy\" \/>\n<meta property=\"article:modified_time\" content=\"2026-03-10T09:59:46+00:00\" \/>\n<meta property=\"og:image\" content=\"https:\/\/solarisenergy.fi\/wp-content\/uploads\/2026\/02\/photo-wood-texture-pattern-1024x684.png\" \/>\n\t<meta property=\"og:image:width\" content=\"1024\" \/>\n\t<meta property=\"og:image:height\" content=\"684\" \/>\n\t<meta property=\"og:image:type\" content=\"image\/png\" \/>\n<meta name=\"twitter:card\" content=\"summary_large_image\" \/>\n<meta name=\"twitter:label1\" content=\"Ber\u00e4knad l\u00e4stid\" \/>\n\t<meta name=\"twitter:data1\" content=\"1 minut\" \/>\n<script type=\"application\/ld+json\" class=\"yoast-schema-graph\">{\"@context\":\"https:\/\/schema.org\",\"@graph\":[{\"@type\":\"WebPage\",\"@id\":\"https:\/\/solarisenergy.fi\/sv\/motti\/\",\"url\":\"https:\/\/solarisenergy.fi\/sv\/motti\/\",\"name\":\"Motti - Solaris Energy\",\"isPartOf\":{\"@id\":\"https:\/\/solarisenergy.local\/#website\"},\"primaryImageOfPage\":{\"@id\":\"https:\/\/solarisenergy.fi\/sv\/motti\/#primaryimage\"},\"image\":{\"@id\":\"https:\/\/solarisenergy.fi\/sv\/motti\/#primaryimage\"},\"thumbnailUrl\":\"https:\/\/solarisenergy.sarmantti.com\/wp-content\/uploads\/2026\/02\/photo-wood-texture-pattern-1024x684.png\",\"datePublished\":\"2026-03-09T13:41:07+00:00\",\"dateModified\":\"2026-03-10T09:59:46+00:00\",\"inLanguage\":\"sv-SE\",\"potentialAction\":[{\"@type\":\"ReadAction\",\"target\":[\"https:\/\/solarisenergy.fi\/sv\/motti\/\"]}]},{\"@type\":\"ImageObject\",\"inLanguage\":\"sv-SE\",\"@id\":\"https:\/\/solarisenergy.fi\/sv\/motti\/#primaryimage\",\"url\":\"https:\/\/solarisenergy.sarmantti.com\/wp-content\/uploads\/2026\/02\/photo-wood-texture-pattern-1024x684.png\",\"contentUrl\":\"https:\/\/solarisenergy.sarmantti.com\/wp-content\/uploads\/2026\/02\/photo-wood-texture-pattern-1024x684.png\"},{\"@type\":\"WebSite\",\"@id\":\"https:\/\/solarisenergy.local\/#website\",\"url\":\"https:\/\/solarisenergy.local\/\",\"name\":\"Solaris Energy\",\"description\":\"\",\"publisher\":{\"@id\":\"https:\/\/solarisenergy.local\/#organization\"},\"potentialAction\":[{\"@type\":\"SearchAction\",\"target\":{\"@type\":\"EntryPoint\",\"urlTemplate\":\"https:\/\/solarisenergy.local\/?s={search_term_string}\"},\"query-input\":{\"@type\":\"PropertyValueSpecification\",\"valueRequired\":true,\"valueName\":\"search_term_string\"}}],\"inLanguage\":\"sv-SE\"},{\"@type\":\"Organization\",\"@id\":\"https:\/\/solarisenergy.local\/#organization\",\"name\":\"Solaris Energy\",\"url\":\"https:\/\/solarisenergy.local\/\",\"logo\":{\"@type\":\"ImageObject\",\"inLanguage\":\"sv-SE\",\"@id\":\"https:\/\/solarisenergy.local\/#\/schema\/logo\/image\/\",\"url\":\"https:\/\/solarisenergy.fi\/wp-content\/uploads\/2024\/02\/SolarisGroup_logo2.png\",\"contentUrl\":\"https:\/\/solarisenergy.fi\/wp-content\/uploads\/2024\/02\/SolarisGroup_logo2.png\",\"width\":1059,\"height\":177,\"caption\":\"Solaris Energy\"},\"image\":{\"@id\":\"https:\/\/solarisenergy.local\/#\/schema\/logo\/image\/\"}}]}<\/script>\n<!-- \/ Yoast SEO plugin. -->","yoast_head_json":{"title":"Motti - Solaris Energy","robots":{"index":"index","follow":"follow","max-snippet":"max-snippet:-1","max-image-preview":"max-image-preview:large","max-video-preview":"max-video-preview:-1"},"canonical":"https:\/\/solarisenergy.fi\/sv\/motti\/","og_locale":"sv_SE","og_type":"article","og_title":"Motti - Solaris Energy","og_description":"MOTTI \u2013 Modular Operational Tactical Technology Interface Motti \u00e4r en del av Finlands l\u00f6sning f\u00f6r kontinuitet i kritisk infrastruktur, som s\u00e4kerst\u00e4ller elf\u00f6rs\u00f6rjningen till viktiga platser under alla f\u00f6rh\u00e5llanden. Det nationella RGR-FI-programmet utvecklar ett rikst\u00e4ckande n\u00e4tverk best\u00e5ende av MOTTI-enheter i Finland. MOTTI-enheterna \u00e4r sammankopplade men inte beroende av varandra. MOTTI, som best\u00e5r av autonoma enheter, dimensioneras [&hellip;]","og_url":"https:\/\/solarisenergy.fi\/sv\/motti\/","og_site_name":"Solaris Energy","article_modified_time":"2026-03-10T09:59:46+00:00","og_image":[{"width":1024,"height":684,"url":"https:\/\/solarisenergy.fi\/wp-content\/uploads\/2026\/02\/photo-wood-texture-pattern-1024x684.png","type":"image\/png"}],"twitter_card":"summary_large_image","twitter_misc":{"Ber\u00e4knad l\u00e4stid":"1 minut"},"schema":{"@context":"https:\/\/schema.org","@graph":[{"@type":"WebPage","@id":"https:\/\/solarisenergy.fi\/sv\/motti\/","url":"https:\/\/solarisenergy.fi\/sv\/motti\/","name":"Motti - Solaris Energy","isPartOf":{"@id":"https:\/\/solarisenergy.local\/#website"},"primaryImageOfPage":{"@id":"https:\/\/solarisenergy.fi\/sv\/motti\/#primaryimage"},"image":{"@id":"https:\/\/solarisenergy.fi\/sv\/motti\/#primaryimage"},"thumbnailUrl":"https:\/\/solarisenergy.sarmantti.com\/wp-content\/uploads\/2026\/02\/photo-wood-texture-pattern-1024x684.png","datePublished":"2026-03-09T13:41:07+00:00","dateModified":"2026-03-10T09:59:46+00:00","inLanguage":"sv-SE","potentialAction":[{"@type":"ReadAction","target":["https:\/\/solarisenergy.fi\/sv\/motti\/"]}]},{"@type":"ImageObject","inLanguage":"sv-SE","@id":"https:\/\/solarisenergy.fi\/sv\/motti\/#primaryimage","url":"https:\/\/solarisenergy.sarmantti.com\/wp-content\/uploads\/2026\/02\/photo-wood-texture-pattern-1024x684.png","contentUrl":"https:\/\/solarisenergy.sarmantti.com\/wp-content\/uploads\/2026\/02\/photo-wood-texture-pattern-1024x684.png"},{"@type":"WebSite","@id":"https:\/\/solarisenergy.local\/#website","url":"https:\/\/solarisenergy.local\/","name":"Solaris Energy","description":"","publisher":{"@id":"https:\/\/solarisenergy.local\/#organization"},"potentialAction":[{"@type":"SearchAction","target":{"@type":"EntryPoint","urlTemplate":"https:\/\/solarisenergy.local\/?s={search_term_string}"},"query-input":{"@type":"PropertyValueSpecification","valueRequired":true,"valueName":"search_term_string"}}],"inLanguage":"sv-SE"},{"@type":"Organization","@id":"https:\/\/solarisenergy.local\/#organization","name":"Solaris Energy","url":"https:\/\/solarisenergy.local\/","logo":{"@type":"ImageObject","inLanguage":"sv-SE","@id":"https:\/\/solarisenergy.local\/#\/schema\/logo\/image\/","url":"https:\/\/solarisenergy.fi\/wp-content\/uploads\/2024\/02\/SolarisGroup_logo2.png","contentUrl":"https:\/\/solarisenergy.fi\/wp-content\/uploads\/2024\/02\/SolarisGroup_logo2.png","width":1059,"height":177,"caption":"Solaris Energy"},"image":{"@id":"https:\/\/solarisenergy.local\/#\/schema\/logo\/image\/"}}]}},"_links":{"self":[{"href":"https:\/\/solarisenergy.fi\/sv\/wp-json\/wp\/v2\/pages\/1112","targetHints":{"allow":["GET"]}}],"collection":[{"href":"https:\/\/solarisenergy.fi\/sv\/wp-json\/wp\/v2\/pages"}],"about":[{"href":"https:\/\/solarisenergy.fi\/sv\/wp-json\/wp\/v2\/types\/page"}],"author":[{"embeddable":true,"href":"https:\/\/solarisenergy.fi\/sv\/wp-json\/wp\/v2\/users\/4"}],"replies":[{"embeddable":true,"href":"https:\/\/solarisenergy.fi\/sv\/wp-json\/wp\/v2\/comments?post=1112"}],"version-history":[{"count":6,"href":"https:\/\/solarisenergy.fi\/sv\/wp-json\/wp\/v2\/pages\/1112\/revisions"}],"predecessor-version":[{"id":1146,"href":"https:\/\/solarisenergy.fi\/sv\/wp-json\/wp\/v2\/pages\/1112\/revisions\/1146"}],"wp:attachment":[{"href":"https:\/\/solarisenergy.fi\/sv\/wp-json\/wp\/v2\/media?parent=1112"}],"curies":[{"name":"wp","href":"https:\/\/api.w.org\/{rel}","templated":true}]}}