{"id":589,"date":"2024-02-15T17:34:40","date_gmt":"2024-02-15T15:34:40","guid":{"rendered":"https:\/\/solarisenergy.fi\/ett-eget-kraftverk\/"},"modified":"2025-08-06T15:51:46","modified_gmt":"2025-08-06T12:51:46","slug":"ett-eget-kraftverk","status":"publish","type":"page","link":"https:\/\/solarisenergy.fi\/sv\/ett-eget-kraftverk\/","title":{"rendered":"Ett eget kraftverk"},"content":{"rendered":"\n<div class=\"wp-block-columns fifty-fifty flex-rev-on-mbl is-layout-flex wp-container-core-columns-is-layout-28f84493 wp-block-columns-is-layout-flex\">\n<div class=\"wp-block-column is-layout-flow wp-block-column-is-layout-flow\">\n<div class=\"wp-block-cover is-light\" style=\"min-height:65vh;aspect-ratio:unset;\"><img loading=\"lazy\" decoding=\"async\" width=\"1024\" height=\"768\" class=\"wp-block-cover__image-background wp-image-461 size-large\" alt=\"\" src=\"https:\/\/solarisenergy.fi\/wp-content\/uploads\/2024\/02\/vastavalo_tytto-1024x768.jpg\" data-object-fit=\"cover\" srcset=\"https:\/\/solarisenergy.fi\/wp-content\/uploads\/2024\/02\/vastavalo_tytto-1024x768.jpg 1024w, https:\/\/solarisenergy.fi\/wp-content\/uploads\/2024\/02\/vastavalo_tytto-300x225.jpg 300w, https:\/\/solarisenergy.fi\/wp-content\/uploads\/2024\/02\/vastavalo_tytto-768x576.jpg 768w, https:\/\/solarisenergy.fi\/wp-content\/uploads\/2024\/02\/vastavalo_tytto.jpg 1440w\" sizes=\"auto, (max-width: 1024px) 100vw, 1024px\" \/><span aria-hidden=\"true\" class=\"wp-block-cover__background has-background-dim-0 has-background-dim\" style=\"background-color:#b0b0b0\"><\/span><div class=\"wp-block-cover__inner-container has-global-padding is-layout-constrained wp-block-cover-is-layout-constrained\">\n<p class=\"has-text-align-center has-large-font-size\"><\/p>\n<\/div><\/div>\n<\/div>\n\n\n\n<div class=\"wp-block-column is-layout-flow wp-block-column-is-layout-flow\">\n<div class=\"wp-block-columns is-layout-flex wp-container-core-columns-is-layout-28f84493 wp-block-columns-is-layout-flex\">\n<div class=\"wp-block-column is-layout-flow wp-block-column-is-layout-flow\">\n<h1 class=\"wp-block-heading has-text-align-center\">ETT EGET KRAFTVERK<\/h1>\n\n\n\n<p>Tack vare teknologi som utvecklas i resande takt, finns det redan m\u00f6jligheter till effektiv, lokal energiproduktion.<\/p>\n<\/div>\n<\/div>\n<\/div>\n<\/div>\n\n\n\n<div class=\"wp-block-columns fifty-fifty is-layout-flex wp-container-core-columns-is-layout-28f84493 wp-block-columns-is-layout-flex\">\n<div class=\"wp-block-column is-layout-flow wp-block-column-is-layout-flow\">\n<div class=\"wp-block-columns is-layout-flex wp-container-core-columns-is-layout-28f84493 wp-block-columns-is-layout-flex\">\n<div class=\"wp-block-column is-layout-flow wp-block-column-is-layout-flow\">\n<h2 class=\"wp-block-heading has-text-align-center\">BOSTADSR\u00c4TTS-ENERGI<\/h2>\n\n\n\n<p>Ett kraftverk som \u00e4gs av de boende, kan i framtiden drivas i ditt bostadsomr\u00e5de och det fungerar med samma logik som ett bostadsbolag.<\/p>\n\n\n\n<p>Ett v\u00e4lsk\u00f6tt kraftverk producerar all energi som beh\u00f6vs is ditt n\u00e4romr\u00e5de och i gynnsamma \u00f6gonblick s\u00e4ljs elen som blir \u00f6ver till stamn\u00e4tet f\u00f6r att anv\u00e4ndas av andra.<\/p>\n<\/div>\n<\/div>\n<\/div>\n\n\n\n<div class=\"wp-block-column is-layout-flow wp-block-column-is-layout-flow\">\n<div class=\"wp-block-cover\" style=\"min-height:70vh;aspect-ratio:unset;\"><img loading=\"lazy\" decoding=\"async\" width=\"1024\" height=\"782\" class=\"wp-block-cover__image-background wp-image-467 size-large\" alt=\"\" src=\"https:\/\/solarisenergy.fi\/wp-content\/uploads\/2024\/02\/yhteiso-1024x782.jpg\" data-object-fit=\"cover\" srcset=\"https:\/\/solarisenergy.fi\/wp-content\/uploads\/2024\/02\/yhteiso-1024x782.jpg 1024w, https:\/\/solarisenergy.fi\/wp-content\/uploads\/2024\/02\/yhteiso-300x229.jpg 300w, https:\/\/solarisenergy.fi\/wp-content\/uploads\/2024\/02\/yhteiso-768x586.jpg 768w, https:\/\/solarisenergy.fi\/wp-content\/uploads\/2024\/02\/yhteiso-1536x1173.jpg 1536w, https:\/\/solarisenergy.fi\/wp-content\/uploads\/2024\/02\/yhteiso.jpg 1920w\" sizes=\"auto, (max-width: 1024px) 100vw, 1024px\" \/><span aria-hidden=\"true\" class=\"wp-block-cover__background has-background-dim-0 has-background-dim\" style=\"background-color:#636363\"><\/span><div class=\"wp-block-cover__inner-container has-global-padding is-layout-constrained wp-block-cover-is-layout-constrained\">\n<p class=\"has-text-align-center has-large-font-size\"><\/p>\n<\/div><\/div>\n<\/div>\n<\/div>\n\n\n\n<div class=\"wp-block-columns fifty-fifty flex-rev-on-mbl is-layout-flex wp-container-core-columns-is-layout-28f84493 wp-block-columns-is-layout-flex\">\n<div class=\"wp-block-column is-layout-flow wp-block-column-is-layout-flow\">\n<div class=\"wp-block-cover\" style=\"min-height:100vh;aspect-ratio:unset;\"><img loading=\"lazy\" decoding=\"async\" width=\"1024\" height=\"682\" class=\"wp-block-cover__image-background wp-image-449 size-large\" alt=\"\" src=\"https:\/\/solarisenergy.fi\/wp-content\/uploads\/2024\/02\/perhe_niitylla-1024x682.jpg\" data-object-fit=\"cover\" srcset=\"https:\/\/solarisenergy.fi\/wp-content\/uploads\/2024\/02\/perhe_niitylla-1024x682.jpg 1024w, https:\/\/solarisenergy.fi\/wp-content\/uploads\/2024\/02\/perhe_niitylla-300x200.jpg 300w, https:\/\/solarisenergy.fi\/wp-content\/uploads\/2024\/02\/perhe_niitylla-768x511.jpg 768w, https:\/\/solarisenergy.fi\/wp-content\/uploads\/2024\/02\/perhe_niitylla-1536x1022.jpg 1536w, https:\/\/solarisenergy.fi\/wp-content\/uploads\/2024\/02\/perhe_niitylla.jpg 1920w\" sizes=\"auto, (max-width: 1024px) 100vw, 1024px\" \/><span aria-hidden=\"true\" class=\"wp-block-cover__background has-background-dim-0 has-background-dim\" style=\"background-color:#787878\"><\/span><div class=\"wp-block-cover__inner-container has-global-padding is-layout-constrained wp-block-cover-is-layout-constrained\">\n<p class=\"has-text-align-center has-large-font-size\"><\/p>\n<\/div><\/div>\n<\/div>\n\n\n\n<div class=\"wp-block-column is-layout-flow wp-block-column-is-layout-flow\">\n<div class=\"wp-block-columns is-layout-flex wp-container-core-columns-is-layout-28f84493 wp-block-columns-is-layout-flex\">\n<div class=\"wp-block-column is-layout-flow wp-block-column-is-layout-flow\">\n<h2 class=\"wp-block-heading has-text-align-center\">LOKALKRAFT<\/h2>\n\n\n\n<p>Om och n\u00e4r det blir aktuellt att etablera ett eget lokalt kraftverk kan du lita p\u00e5 Solaris Groups expertis. Vi har redan l\u00e4nge funderat p\u00e5 teknik finansieringsmodeller och f\u00f6rvaltningsmetoder f\u00f6r sm\u00e5 kraftverk som \u00e4gs av aktie\u00e4gare.<\/p>\n<\/div>\n<\/div>\n<\/div>\n<\/div>\n\n\n\n<div class=\"wp-block-columns is-layout-flex wp-container-core-columns-is-layout-28f84493 wp-block-columns-is-layout-flex\">\n<div class=\"wp-block-column custom-cta-with-bg is-layout-flow wp-block-column-is-layout-flow\" style=\"flex-basis:100%\">\n<div class=\"wp-block-cover\" style=\"min-height:50vh;aspect-ratio:unset;\"><img loading=\"lazy\" decoding=\"async\" width=\"1024\" height=\"680\" class=\"wp-block-cover__image-background wp-image-455 size-large\" alt=\"\" src=\"https:\/\/solarisenergy.fi\/wp-content\/uploads\/2024\/02\/suo-1024x680.jpg\" data-object-fit=\"cover\" srcset=\"https:\/\/solarisenergy.fi\/wp-content\/uploads\/2024\/02\/suo-1024x680.jpg 1024w, https:\/\/solarisenergy.fi\/wp-content\/uploads\/2024\/02\/suo-300x199.jpg 300w, https:\/\/solarisenergy.fi\/wp-content\/uploads\/2024\/02\/suo-768x510.jpg 768w, https:\/\/solarisenergy.fi\/wp-content\/uploads\/2024\/02\/suo-1536x1020.jpg 1536w, https:\/\/solarisenergy.fi\/wp-content\/uploads\/2024\/02\/suo.jpg 1920w\" sizes=\"auto, (max-width: 1024px) 100vw, 1024px\" \/><span aria-hidden=\"true\" class=\"wp-block-cover__background has-background-dim-20 has-background-dim\" style=\"background-color:#767676\"><\/span><div class=\"wp-block-cover__inner-container has-global-padding is-layout-constrained wp-block-cover-is-layout-constrained\">\n<div class=\"wp-block-buttons is-content-justification-center is-layout-flex wp-container-core-buttons-is-layout-a89b3969 wp-block-buttons-is-layout-flex\">\n<div class=\"wp-block-button .hover-text-inverted\"><a class=\"wp-block-button__link wp-element-button\" href=\"\/sv#kontakta-oss\">Kontakta oss<\/a><\/div>\n<\/div>\n<\/div><\/div>\n<\/div>\n<\/div>\n","protected":false},"excerpt":{"rendered":"<p>ETT EGET KRAFTVERK Tack vare teknologi som utvecklas i resande takt, finns det redan m\u00f6jligheter till effektiv, lokal energiproduktion. BOSTADSR\u00c4TTS-ENERGI Ett kraftverk som \u00e4gs av de boende, kan i framtiden drivas i ditt bostadsomr\u00e5de och det fungerar med samma logik som ett bostadsbolag. Ett v\u00e4lsk\u00f6tt kraftverk producerar all energi som beh\u00f6vs is ditt n\u00e4romr\u00e5de och [&hellip;]<\/p>\n","protected":false},"author":1,"featured_media":0,"parent":0,"menu_order":0,"comment_status":"closed","ping_status":"closed","template":"","meta":{"footnotes":""},"class_list":["post-589","page","type-page","status-publish","hentry"],"yoast_head":"<!-- This site is optimized with the Yoast SEO plugin v27.0 - https:\/\/yoast.com\/product\/yoast-seo-wordpress\/ -->\n<title>Solaris Energy - Ett eget kraftverk, m\u00f6jlighet till lokal energiproduktion<\/title>\n<meta name=\"description\" content=\"Ett kraftverk som \u00e4gs av de boende, kan i framtiden drivas i ditt bostadsomr\u00e5de och det fungerar med samma logik som ett bostadsbolag.\" \/>\n<meta name=\"robots\" content=\"index, follow, max-snippet:-1, max-image-preview:large, max-video-preview:-1\" \/>\n<link rel=\"canonical\" href=\"https:\/\/solarisenergy.fi\/sv\/ett-eget-kraftverk\/\" \/>\n<meta property=\"og:locale\" content=\"sv_SE\" \/>\n<meta property=\"og:type\" content=\"article\" \/>\n<meta property=\"og:title\" content=\"Solaris Energy - Ett eget kraftverk, m\u00f6jlighet till lokal energiproduktion\" \/>\n<meta property=\"og:description\" content=\"Ett kraftverk som \u00e4gs av de boende, kan i framtiden drivas i ditt bostadsomr\u00e5de och det fungerar med samma logik som ett bostadsbolag.\" \/>\n<meta property=\"og:url\" content=\"https:\/\/solarisenergy.fi\/sv\/ett-eget-kraftverk\/\" \/>\n<meta property=\"og:site_name\" content=\"Solaris Energy\" \/>\n<meta property=\"article:modified_time\" content=\"2025-08-06T12:51:46+00:00\" \/>\n<meta property=\"og:image\" content=\"https:\/\/solarisenergy.fi\/wp-content\/uploads\/2024\/02\/partamies_1200x675-1024x576.png\" \/>\n<meta name=\"twitter:card\" content=\"summary_large_image\" \/>\n<meta name=\"twitter:title\" content=\"Solaris Energy - Ett eget kraftverk, m\u00f6jlighet till lokal energiproduktion\" \/>\n<meta name=\"twitter:description\" content=\"Ett kraftverk som \u00e4gs av de boende, kan i framtiden drivas i ditt bostadsomr\u00e5de och det fungerar med samma logik som ett bostadsbolag.\" \/>\n<meta name=\"twitter:image\" content=\"https:\/\/solarisenergy.fi\/wp-content\/uploads\/2024\/02\/partamies_1200x675-1024x576.png\" \/>\n<meta name=\"twitter:label1\" content=\"Ber\u00e4knad l\u00e4stid\" \/>\n\t<meta name=\"twitter:data1\" content=\"2 minuter\" \/>\n<script type=\"application\/ld+json\" class=\"yoast-schema-graph\">{\"@context\":\"https:\/\/schema.org\",\"@graph\":[{\"@type\":\"WebPage\",\"@id\":\"https:\/\/solarisenergy.fi\/sv\/ett-eget-kraftverk\/\",\"url\":\"https:\/\/solarisenergy.fi\/sv\/ett-eget-kraftverk\/\",\"name\":\"Solaris Energy - Ett eget kraftverk, m\u00f6jlighet till lokal energiproduktion\",\"isPartOf\":{\"@id\":\"https:\/\/solarisenergy.local\/#website\"},\"primaryImageOfPage\":{\"@id\":\"https:\/\/solarisenergy.fi\/sv\/ett-eget-kraftverk\/#primaryimage\"},\"image\":{\"@id\":\"https:\/\/solarisenergy.fi\/sv\/ett-eget-kraftverk\/#primaryimage\"},\"thumbnailUrl\":\"https:\/\/solarisenergy.fi\/wp-content\/uploads\/2024\/02\/vastavalo_tytto-1024x768.jpg\",\"datePublished\":\"2024-02-15T15:34:40+00:00\",\"dateModified\":\"2025-08-06T12:51:46+00:00\",\"description\":\"Ett kraftverk som \u00e4gs av de boende, kan i framtiden drivas i ditt bostadsomr\u00e5de och det fungerar med samma logik som ett bostadsbolag.\",\"inLanguage\":\"sv-SE\",\"potentialAction\":[{\"@type\":\"ReadAction\",\"target\":[\"https:\/\/solarisenergy.fi\/sv\/ett-eget-kraftverk\/\"]}]},{\"@type\":\"ImageObject\",\"inLanguage\":\"sv-SE\",\"@id\":\"https:\/\/solarisenergy.fi\/sv\/ett-eget-kraftverk\/#primaryimage\",\"url\":\"https:\/\/solarisenergy.fi\/wp-content\/uploads\/2024\/02\/vastavalo_tytto-1024x768.jpg\",\"contentUrl\":\"https:\/\/solarisenergy.fi\/wp-content\/uploads\/2024\/02\/vastavalo_tytto-1024x768.jpg\"},{\"@type\":\"WebSite\",\"@id\":\"https:\/\/solarisenergy.local\/#website\",\"url\":\"https:\/\/solarisenergy.local\/\",\"name\":\"Solaris Energy\",\"description\":\"\",\"publisher\":{\"@id\":\"https:\/\/solarisenergy.local\/#organization\"},\"potentialAction\":[{\"@type\":\"SearchAction\",\"target\":{\"@type\":\"EntryPoint\",\"urlTemplate\":\"https:\/\/solarisenergy.local\/?s={search_term_string}\"},\"query-input\":{\"@type\":\"PropertyValueSpecification\",\"valueRequired\":true,\"valueName\":\"search_term_string\"}}],\"inLanguage\":\"sv-SE\"},{\"@type\":\"Organization\",\"@id\":\"https:\/\/solarisenergy.local\/#organization\",\"name\":\"Solaris Energy\",\"url\":\"https:\/\/solarisenergy.local\/\",\"logo\":{\"@type\":\"ImageObject\",\"inLanguage\":\"sv-SE\",\"@id\":\"https:\/\/solarisenergy.local\/#\/schema\/logo\/image\/\",\"url\":\"https:\/\/solarisenergy.fi\/wp-content\/uploads\/2024\/02\/SolarisGroup_logo2.png\",\"contentUrl\":\"https:\/\/solarisenergy.fi\/wp-content\/uploads\/2024\/02\/SolarisGroup_logo2.png\",\"width\":1059,\"height\":177,\"caption\":\"Solaris Energy\"},\"image\":{\"@id\":\"https:\/\/solarisenergy.local\/#\/schema\/logo\/image\/\"}}]}<\/script>\n<!-- \/ Yoast SEO plugin. -->","yoast_head_json":{"title":"Solaris Energy - Ett eget kraftverk, m\u00f6jlighet till lokal energiproduktion","description":"Ett kraftverk som \u00e4gs av de boende, kan i framtiden drivas i ditt bostadsomr\u00e5de och det fungerar med samma logik som ett bostadsbolag.","robots":{"index":"index","follow":"follow","max-snippet":"max-snippet:-1","max-image-preview":"max-image-preview:large","max-video-preview":"max-video-preview:-1"},"canonical":"https:\/\/solarisenergy.fi\/sv\/ett-eget-kraftverk\/","og_locale":"sv_SE","og_type":"article","og_title":"Solaris Energy - Ett eget kraftverk, m\u00f6jlighet till lokal energiproduktion","og_description":"Ett kraftverk som \u00e4gs av de boende, kan i framtiden drivas i ditt bostadsomr\u00e5de och det fungerar med samma logik som ett bostadsbolag.","og_url":"https:\/\/solarisenergy.fi\/sv\/ett-eget-kraftverk\/","og_site_name":"Solaris Energy","article_modified_time":"2025-08-06T12:51:46+00:00","og_image":[{"url":"https:\/\/solarisenergy.fi\/wp-content\/uploads\/2024\/02\/partamies_1200x675-1024x576.png","type":"","width":"","height":""}],"twitter_card":"summary_large_image","twitter_title":"Solaris Energy - Ett eget kraftverk, m\u00f6jlighet till lokal energiproduktion","twitter_description":"Ett kraftverk som \u00e4gs av de boende, kan i framtiden drivas i ditt bostadsomr\u00e5de och det fungerar med samma logik som ett bostadsbolag.","twitter_image":"https:\/\/solarisenergy.fi\/wp-content\/uploads\/2024\/02\/partamies_1200x675-1024x576.png","twitter_misc":{"Ber\u00e4knad l\u00e4stid":"2 minuter"},"schema":{"@context":"https:\/\/schema.org","@graph":[{"@type":"WebPage","@id":"https:\/\/solarisenergy.fi\/sv\/ett-eget-kraftverk\/","url":"https:\/\/solarisenergy.fi\/sv\/ett-eget-kraftverk\/","name":"Solaris Energy - Ett eget kraftverk, m\u00f6jlighet till lokal energiproduktion","isPartOf":{"@id":"https:\/\/solarisenergy.local\/#website"},"primaryImageOfPage":{"@id":"https:\/\/solarisenergy.fi\/sv\/ett-eget-kraftverk\/#primaryimage"},"image":{"@id":"https:\/\/solarisenergy.fi\/sv\/ett-eget-kraftverk\/#primaryimage"},"thumbnailUrl":"https:\/\/solarisenergy.fi\/wp-content\/uploads\/2024\/02\/vastavalo_tytto-1024x768.jpg","datePublished":"2024-02-15T15:34:40+00:00","dateModified":"2025-08-06T12:51:46+00:00","description":"Ett kraftverk som \u00e4gs av de boende, kan i framtiden drivas i ditt bostadsomr\u00e5de och det fungerar med samma logik som ett bostadsbolag.","inLanguage":"sv-SE","potentialAction":[{"@type":"ReadAction","target":["https:\/\/solarisenergy.fi\/sv\/ett-eget-kraftverk\/"]}]},{"@type":"ImageObject","inLanguage":"sv-SE","@id":"https:\/\/solarisenergy.fi\/sv\/ett-eget-kraftverk\/#primaryimage","url":"https:\/\/solarisenergy.fi\/wp-content\/uploads\/2024\/02\/vastavalo_tytto-1024x768.jpg","contentUrl":"https:\/\/solarisenergy.fi\/wp-content\/uploads\/2024\/02\/vastavalo_tytto-1024x768.jpg"},{"@type":"WebSite","@id":"https:\/\/solarisenergy.local\/#website","url":"https:\/\/solarisenergy.local\/","name":"Solaris Energy","description":"","publisher":{"@id":"https:\/\/solarisenergy.local\/#organization"},"potentialAction":[{"@type":"SearchAction","target":{"@type":"EntryPoint","urlTemplate":"https:\/\/solarisenergy.local\/?s={search_term_string}"},"query-input":{"@type":"PropertyValueSpecification","valueRequired":true,"valueName":"search_term_string"}}],"inLanguage":"sv-SE"},{"@type":"Organization","@id":"https:\/\/solarisenergy.local\/#organization","name":"Solaris Energy","url":"https:\/\/solarisenergy.local\/","logo":{"@type":"ImageObject","inLanguage":"sv-SE","@id":"https:\/\/solarisenergy.local\/#\/schema\/logo\/image\/","url":"https:\/\/solarisenergy.fi\/wp-content\/uploads\/2024\/02\/SolarisGroup_logo2.png","contentUrl":"https:\/\/solarisenergy.fi\/wp-content\/uploads\/2024\/02\/SolarisGroup_logo2.png","width":1059,"height":177,"caption":"Solaris Energy"},"image":{"@id":"https:\/\/solarisenergy.local\/#\/schema\/logo\/image\/"}}]}},"_links":{"self":[{"href":"https:\/\/solarisenergy.fi\/sv\/wp-json\/wp\/v2\/pages\/589","targetHints":{"allow":["GET"]}}],"collection":[{"href":"https:\/\/solarisenergy.fi\/sv\/wp-json\/wp\/v2\/pages"}],"about":[{"href":"https:\/\/solarisenergy.fi\/sv\/wp-json\/wp\/v2\/types\/page"}],"author":[{"embeddable":true,"href":"https:\/\/solarisenergy.fi\/sv\/wp-json\/wp\/v2\/users\/1"}],"replies":[{"embeddable":true,"href":"https:\/\/solarisenergy.fi\/sv\/wp-json\/wp\/v2\/comments?post=589"}],"version-history":[{"count":3,"href":"https:\/\/solarisenergy.fi\/sv\/wp-json\/wp\/v2\/pages\/589\/revisions"}],"predecessor-version":[{"id":924,"href":"https:\/\/solarisenergy.fi\/sv\/wp-json\/wp\/v2\/pages\/589\/revisions\/924"}],"wp:attachment":[{"href":"https:\/\/solarisenergy.fi\/sv\/wp-json\/wp\/v2\/media?parent=589"}],"curies":[{"name":"wp","href":"https:\/\/api.w.org\/{rel}","templated":true}]}}