{"id":591,"date":"2024-02-14T15:28:47","date_gmt":"2024-02-14T13:28:47","guid":{"rendered":"https:\/\/solarisenergy.fi\/dataskyddspolicy\/"},"modified":"2025-08-07T09:48:49","modified_gmt":"2025-08-07T06:48:49","slug":"dataskyddspolicy","status":"publish","type":"page","link":"https:\/\/solarisenergy.fi\/sv\/dataskyddspolicy\/","title":{"rendered":"Dataskyddspolicy"},"content":{"rendered":"\n<div class=\"wp-block-group privacy-policy-page has-global-padding is-layout-constrained wp-block-group-is-layout-constrained\">\n<h2 class=\"wp-block-heading\">Registerf\u00f6rare<\/h2>\n\n\n\n<p>Namn: Solaris Group Oy<br>FO-nummer: 0111370-1<br>Adress: cc Accotilit Oy<br>Suvantokatu 13<br>Postnummer: 33100<br>Postadress: TAMMERFORS<\/p>\n\n\n\n<h2 class=\"wp-block-heading\">Registeransvarig:<\/h2>\n\n\n\n<p>Ele Lepik<br>Telefonnummer: 0400363280<br>E-postadress: info@solarisenergy.fi<\/p>\n\n\n\n<h2 class=\"wp-block-heading\">Registrets anv\u00e4ndningssyfte:<\/h2>\n\n\n\n<p>Enligt EU:s allm\u00e4nna dataskyddsf\u00f6rordning \u00e4r den r\u00e4ttsliga grunden f\u00f6r behandling av personuppgifter registerf\u00f6rarens ber\u00e4ttigade intresse; kundf\u00f6rh\u00e5llande.Syftet med att behandla personuppgifter \u00e4r kontakt med kunder och att uppr\u00e4tth\u00e5lla och utveckla kundrelationer.<\/p>\n\n\n\n<h2 class=\"wp-block-heading\">Grund f\u00f6r insamling och behandling av uppgifter<\/h2>\n\n\n\n<p>Kundens uppgifter samlas in och behandlas med kundens samtycke, eller f\u00f6r att verkst\u00e4lla avtal med kunden.<\/p>\n\n\n\n<h2 class=\"wp-block-heading\">Registrets datainneh\u00e5ll<\/h2>\n\n\n\n<ul start=\"6\" class=\"wp-block-list\">\n<li>Uppgifter som lagras i registret: personens namn, befattning, f\u00f6retag\/organisation, namn p\u00e5 kontaktperson, personnummer, fastighetsnummer som \u00e4gs av personen (person\/f\u00f6retag), kontaktuppgifter (telefonnummer,e-postadress, adress), information om avtal och deras \u00e4ndringar, bankontonummer, annan information g\u00e4llande kundrelation och utveckling.<\/li>\n\n\n\n<li>Uppgifterna f\u00f6rst\u00f6rs efter att kundf\u00f6rh\u00e5llandet upph\u00f6rt eller 10 (tio) \u00e5r efter den senaste redovisningen.<\/li>\n<\/ul>\n\n\n\n<h2 class=\"wp-block-heading\">Lagringstid f\u00f6r uppgifterna<\/h2>\n\n\n\n<p>Personuppgifter lagrars s\u00e5 l\u00e4nge de beh\u00f6vs f\u00f6r att verkst\u00e4lla avtalet med kunden eller f\u00f6r att utveckla kundservicen.<\/p>\n\n\n\n<h2 class=\"wp-block-heading\">Lagenliga informationsk\u00e4llor<\/h2>\n\n\n\n<p>Uppgifter som lagras i registret inh\u00e4mtas fr\u00e5n kunden, t. ex. fr\u00e5n meddelanden skickade via webbformul\u00e4r, via e-post, per telefon, via sociala medietj\u00e4nster, avtal, kundm\u00f6ten och andra situationer d\u00e4r kunden l\u00e4mnar ut sin information. Uppgifter inh\u00e4mtas ur myndighetsregister inom de gr\u00e4nser som lagen till\u00e5ter.<\/p>\n\n\n\n<h2 class=\"wp-block-heading\">Lagenlig utl\u00e4mning och \u00f6verf\u00f6ring av uppgifter utanf\u00f6r EU eller det Europeiska ekonomiska samarbetsomr\u00e5det<\/h2>\n\n\n\n<p>Enligt regelverket utl\u00e4mnas uppgifter inte utanf\u00f6r f\u00f6retaget. Vissa av de externa tj\u00e4nst- eller mjukvaruleverant\u00f6rer som anv\u00e4nds av f\u00f6retaget, kan lagra data utanf\u00f6r EU eller det Europeiska ekonomiska samarbetsomr\u00e5det.<\/p>\n\n\n\n<h2 class=\"wp-block-heading\">Kakor (cookies)<\/h2>\n\n\n\n<p>P\u00e5 v\u00e5r hemsida anv\u00e4nder vi s.k cookie-funktion, d.v.s. kakor. En cookie \u00e4r en liten textfil som kan skickas till anv\u00e4ndarens dator och lagras d\u00e4r, vilket g\u00f6r det m\u00f6jligt f\u00f6r webbplatsadministrat\u00f6ren att identifiera bes\u00f6kare som ofta bes\u00f6ker webbplatsen, f\u00f6r att underl\u00e4tta inloggning f\u00f6r bes\u00f6kare p\u00e5 webbplatsen och f\u00f6r att m\u00f6jligg\u00f6ra sammanst\u00e4llning av sammanfattad information om bes\u00f6karna. Med hj\u00e4lp av denna feedback kan vi st\u00e4ndigt f\u00f6rb\u00e4ttra inneh\u00e5llet p\u00e5 v\u00e5ra sidor. Cookies skadar inte anv\u00e4ndarens datorer eller filer. Vi anv\u00e4nder dem p\u00e5 ett s\u00e5dant s\u00e4tt att vi kan erbjuda v\u00e5ra kunder information och tj\u00e4nster enligt deras individuella behov.<\/p>\n\n\n\n<p>Om anv\u00e4ndaren som bes\u00f6ker v\u00e5ra sidor inte vill att vi skall erh\u00e5lla ovann\u00e4mnd information med hj\u00e4lp av cookies, m\u00f6jligg\u00f6r de flesta webbl\u00e4sare avst\u00e4ngning av cookiefuntionen, Detta g\u00f6ra vanligtvis vis webbl\u00e4sarinst\u00e4llningarna. Det \u00e4r dock bra att ta h\u00e4nsyn till att cookies kan vara n\u00f6dv\u00e4ndiga f\u00f6r att vissa av de sidor som vi underh\u00e5ller och de tj\u00e4nster vi erbjuder skall fungera korrekt.<\/p>\n\n\n\n<h2 class=\"wp-block-heading\">Registrets s\u00e4kerhet<\/h2>\n\n\n\n<p>Uppgifterna \u00f6verf\u00f6rs via en SSL-skyddad anslutning. Elektroniska uppgifter skyddas av en brandv\u00e4gg, anv\u00e4ndarnamn och l\u00f6senord. Endast de personer som \u00e4r anst\u00e4llda av registerf\u00f6raren och som beh\u00f6ver uppgifterna i sitt arbete har tillg\u00e5ng till uppgifterna. Varsamhet iakttas vid behandling av registret och de uppgifter som behandlas med hj\u00e4lp av informationssystem \u00e4r ordentligt skyddade.<\/p>\n\n\n\n<h2 class=\"wp-block-heading\">Automatiserat beslutsfattande<\/h2>\n\n\n\n<p>Automatiserad individuell beslutsfattning (artikel 22 i EU:s dataskyddsf\u00f6rordning) g\u00f6rs ej.<\/p>\n\n\n\n<h2 class=\"wp-block-heading\">Den registrerades r\u00e4ttigheter<\/h2>\n\n\n\n<p>Den registrerade har r\u00e4tt att kontrollera vilka uppgifter om denna som har lagrats i registret. En skriftlig beg\u00e4ran skickas undertecknad till den som ansvarar f\u00f6r registret.<\/p>\n\n\n\n<p>Granskningsr\u00e4tten \u00e4r avgiftsfri h\u00f6gst en g\u00e5ng per \u00e5r.<\/p>\n\n\n\n<p>Den registrerade har r\u00e4tt att kr\u00e4va r\u00e4ttelse eller radering av felaktiga eller inaktuella uppgifter eller \u00f6verf\u00f6ring av uppgifter fr\u00e5n ett system till ett annat. Man har ocks\u00e5 r\u00e4tt att begr\u00e4nsa eller inv\u00e4nda mot behandlingen av sina uppgifter i enlighet med artikel 18 och 21 i EU:s dataskyddsf\u00f6rordning.<\/p>\n\n\n\n<p>Den registrerade har r\u00e4tt att \u00e5terkalla det tidigare l\u00e4mnade samtycket till behandling av uppgifter eller att l\u00e4mna in ett klagom\u00e5l till tillsynsmyndigheten om \u00e4renden som r\u00f6r behandlingen av dennas personuppgifter.<\/p>\n\n\n\n<p>Den registrerade har ocks\u00e5 r\u00e4tt att neka anv\u00e4ndningen av sina uppgifter f\u00f6r direktmarknadsf\u00f6rings\u00e4ndam\u00e5l.<\/p>\n<\/div>\n","protected":false},"excerpt":{"rendered":"<p>Registerf\u00f6rare Namn: Solaris Group OyFO-nummer: 0111370-1Adress: cc Accotilit OySuvantokatu 13Postnummer: 33100Postadress: TAMMERFORS Registeransvarig: Ele LepikTelefonnummer: 0400363280E-postadress: info@solarisenergy.fi Registrets anv\u00e4ndningssyfte: Enligt EU:s allm\u00e4nna dataskyddsf\u00f6rordning \u00e4r den r\u00e4ttsliga grunden f\u00f6r behandling av personuppgifter registerf\u00f6rarens ber\u00e4ttigade intresse; kundf\u00f6rh\u00e5llande.Syftet med att behandla personuppgifter \u00e4r kontakt med kunder och att uppr\u00e4tth\u00e5lla och utveckla kundrelationer. Grund f\u00f6r insamling och behandling av [&hellip;]<\/p>\n","protected":false},"author":1,"featured_media":0,"parent":0,"menu_order":0,"comment_status":"closed","ping_status":"open","template":"","meta":{"footnotes":""},"class_list":["post-591","page","type-page","status-publish","hentry"],"yoast_head":"<!-- This site is optimized with the Yoast SEO plugin v27.0 - https:\/\/yoast.com\/product\/yoast-seo-wordpress\/ -->\n<title>Dataskyddspolicy - Solaris Energy<\/title>\n<meta name=\"robots\" content=\"index, follow, max-snippet:-1, max-image-preview:large, max-video-preview:-1\" \/>\n<link rel=\"canonical\" href=\"https:\/\/solarisenergy.fi\/sv\/dataskyddspolicy\/\" \/>\n<meta property=\"og:locale\" content=\"sv_SE\" \/>\n<meta property=\"og:type\" content=\"article\" \/>\n<meta property=\"og:title\" content=\"Dataskyddspolicy - Solaris Energy\" \/>\n<meta property=\"og:description\" content=\"Registerf\u00f6rare Namn: Solaris Group OyFO-nummer: 0111370-1Adress: cc Accotilit OySuvantokatu 13Postnummer: 33100Postadress: TAMMERFORS Registeransvarig: Ele LepikTelefonnummer: 0400363280E-postadress: info@solarisenergy.fi Registrets anv\u00e4ndningssyfte: Enligt EU:s allm\u00e4nna dataskyddsf\u00f6rordning \u00e4r den r\u00e4ttsliga grunden f\u00f6r behandling av personuppgifter registerf\u00f6rarens ber\u00e4ttigade intresse; kundf\u00f6rh\u00e5llande.Syftet med att behandla personuppgifter \u00e4r kontakt med kunder och att uppr\u00e4tth\u00e5lla och utveckla kundrelationer. Grund f\u00f6r insamling och behandling av [&hellip;]\" \/>\n<meta property=\"og:url\" content=\"https:\/\/solarisenergy.fi\/sv\/dataskyddspolicy\/\" \/>\n<meta property=\"og:site_name\" content=\"Solaris Energy\" \/>\n<meta property=\"article:modified_time\" content=\"2025-08-07T06:48:49+00:00\" \/>\n<meta property=\"og:image\" content=\"https:\/\/solarisenergy.fi\/wp-content\/uploads\/2024\/02\/partamies_1200x675.png\" \/>\n\t<meta property=\"og:image:width\" content=\"1200\" \/>\n\t<meta property=\"og:image:height\" content=\"675\" \/>\n\t<meta property=\"og:image:type\" content=\"image\/png\" \/>\n<meta name=\"twitter:card\" content=\"summary_large_image\" \/>\n<meta name=\"twitter:label1\" content=\"Ber\u00e4knad l\u00e4stid\" \/>\n\t<meta name=\"twitter:data1\" content=\"4 minuter\" \/>\n<script type=\"application\/ld+json\" class=\"yoast-schema-graph\">{\"@context\":\"https:\/\/schema.org\",\"@graph\":[{\"@type\":\"WebPage\",\"@id\":\"https:\/\/solarisenergy.fi\/sv\/dataskyddspolicy\/\",\"url\":\"https:\/\/solarisenergy.fi\/sv\/dataskyddspolicy\/\",\"name\":\"Dataskyddspolicy - Solaris Energy\",\"isPartOf\":{\"@id\":\"https:\/\/solarisenergy.local\/#website\"},\"datePublished\":\"2024-02-14T13:28:47+00:00\",\"dateModified\":\"2025-08-07T06:48:49+00:00\",\"inLanguage\":\"sv-SE\",\"potentialAction\":[{\"@type\":\"ReadAction\",\"target\":[\"https:\/\/solarisenergy.fi\/sv\/dataskyddspolicy\/\"]}]},{\"@type\":\"WebSite\",\"@id\":\"https:\/\/solarisenergy.local\/#website\",\"url\":\"https:\/\/solarisenergy.local\/\",\"name\":\"Solaris Energy\",\"description\":\"\",\"publisher\":{\"@id\":\"https:\/\/solarisenergy.local\/#organization\"},\"potentialAction\":[{\"@type\":\"SearchAction\",\"target\":{\"@type\":\"EntryPoint\",\"urlTemplate\":\"https:\/\/solarisenergy.local\/?s={search_term_string}\"},\"query-input\":{\"@type\":\"PropertyValueSpecification\",\"valueRequired\":true,\"valueName\":\"search_term_string\"}}],\"inLanguage\":\"sv-SE\"},{\"@type\":\"Organization\",\"@id\":\"https:\/\/solarisenergy.local\/#organization\",\"name\":\"Solaris Energy\",\"url\":\"https:\/\/solarisenergy.local\/\",\"logo\":{\"@type\":\"ImageObject\",\"inLanguage\":\"sv-SE\",\"@id\":\"https:\/\/solarisenergy.local\/#\/schema\/logo\/image\/\",\"url\":\"https:\/\/solarisenergy.fi\/wp-content\/uploads\/2024\/02\/SolarisGroup_logo2.png\",\"contentUrl\":\"https:\/\/solarisenergy.fi\/wp-content\/uploads\/2024\/02\/SolarisGroup_logo2.png\",\"width\":1059,\"height\":177,\"caption\":\"Solaris Energy\"},\"image\":{\"@id\":\"https:\/\/solarisenergy.local\/#\/schema\/logo\/image\/\"}}]}<\/script>\n<!-- \/ Yoast SEO plugin. -->","yoast_head_json":{"title":"Dataskyddspolicy - Solaris Energy","robots":{"index":"index","follow":"follow","max-snippet":"max-snippet:-1","max-image-preview":"max-image-preview:large","max-video-preview":"max-video-preview:-1"},"canonical":"https:\/\/solarisenergy.fi\/sv\/dataskyddspolicy\/","og_locale":"sv_SE","og_type":"article","og_title":"Dataskyddspolicy - Solaris Energy","og_description":"Registerf\u00f6rare Namn: Solaris Group OyFO-nummer: 0111370-1Adress: cc Accotilit OySuvantokatu 13Postnummer: 33100Postadress: TAMMERFORS Registeransvarig: Ele LepikTelefonnummer: 0400363280E-postadress: info@solarisenergy.fi Registrets anv\u00e4ndningssyfte: Enligt EU:s allm\u00e4nna dataskyddsf\u00f6rordning \u00e4r den r\u00e4ttsliga grunden f\u00f6r behandling av personuppgifter registerf\u00f6rarens ber\u00e4ttigade intresse; kundf\u00f6rh\u00e5llande.Syftet med att behandla personuppgifter \u00e4r kontakt med kunder och att uppr\u00e4tth\u00e5lla och utveckla kundrelationer. Grund f\u00f6r insamling och behandling av [&hellip;]","og_url":"https:\/\/solarisenergy.fi\/sv\/dataskyddspolicy\/","og_site_name":"Solaris Energy","article_modified_time":"2025-08-07T06:48:49+00:00","og_image":[{"width":1200,"height":675,"url":"https:\/\/solarisenergy.fi\/wp-content\/uploads\/2024\/02\/partamies_1200x675.png","type":"image\/png"}],"twitter_card":"summary_large_image","twitter_misc":{"Ber\u00e4knad l\u00e4stid":"4 minuter"},"schema":{"@context":"https:\/\/schema.org","@graph":[{"@type":"WebPage","@id":"https:\/\/solarisenergy.fi\/sv\/dataskyddspolicy\/","url":"https:\/\/solarisenergy.fi\/sv\/dataskyddspolicy\/","name":"Dataskyddspolicy - Solaris Energy","isPartOf":{"@id":"https:\/\/solarisenergy.local\/#website"},"datePublished":"2024-02-14T13:28:47+00:00","dateModified":"2025-08-07T06:48:49+00:00","inLanguage":"sv-SE","potentialAction":[{"@type":"ReadAction","target":["https:\/\/solarisenergy.fi\/sv\/dataskyddspolicy\/"]}]},{"@type":"WebSite","@id":"https:\/\/solarisenergy.local\/#website","url":"https:\/\/solarisenergy.local\/","name":"Solaris Energy","description":"","publisher":{"@id":"https:\/\/solarisenergy.local\/#organization"},"potentialAction":[{"@type":"SearchAction","target":{"@type":"EntryPoint","urlTemplate":"https:\/\/solarisenergy.local\/?s={search_term_string}"},"query-input":{"@type":"PropertyValueSpecification","valueRequired":true,"valueName":"search_term_string"}}],"inLanguage":"sv-SE"},{"@type":"Organization","@id":"https:\/\/solarisenergy.local\/#organization","name":"Solaris Energy","url":"https:\/\/solarisenergy.local\/","logo":{"@type":"ImageObject","inLanguage":"sv-SE","@id":"https:\/\/solarisenergy.local\/#\/schema\/logo\/image\/","url":"https:\/\/solarisenergy.fi\/wp-content\/uploads\/2024\/02\/SolarisGroup_logo2.png","contentUrl":"https:\/\/solarisenergy.fi\/wp-content\/uploads\/2024\/02\/SolarisGroup_logo2.png","width":1059,"height":177,"caption":"Solaris Energy"},"image":{"@id":"https:\/\/solarisenergy.local\/#\/schema\/logo\/image\/"}}]}},"_links":{"self":[{"href":"https:\/\/solarisenergy.fi\/sv\/wp-json\/wp\/v2\/pages\/591","targetHints":{"allow":["GET"]}}],"collection":[{"href":"https:\/\/solarisenergy.fi\/sv\/wp-json\/wp\/v2\/pages"}],"about":[{"href":"https:\/\/solarisenergy.fi\/sv\/wp-json\/wp\/v2\/types\/page"}],"author":[{"embeddable":true,"href":"https:\/\/solarisenergy.fi\/sv\/wp-json\/wp\/v2\/users\/1"}],"replies":[{"embeddable":true,"href":"https:\/\/solarisenergy.fi\/sv\/wp-json\/wp\/v2\/comments?post=591"}],"version-history":[{"count":2,"href":"https:\/\/solarisenergy.fi\/sv\/wp-json\/wp\/v2\/pages\/591\/revisions"}],"predecessor-version":[{"id":952,"href":"https:\/\/solarisenergy.fi\/sv\/wp-json\/wp\/v2\/pages\/591\/revisions\/952"}],"wp:attachment":[{"href":"https:\/\/solarisenergy.fi\/sv\/wp-json\/wp\/v2\/media?parent=591"}],"curies":[{"name":"wp","href":"https:\/\/api.w.org\/{rel}","templated":true}]}}