{"id":768,"date":"2024-09-20T12:10:01","date_gmt":"2024-09-20T09:10:01","guid":{"rendered":"https:\/\/solarisenergy.fi\/?page_id=768"},"modified":"2026-03-09T14:10:01","modified_gmt":"2026-03-09T12:10:01","slug":"aktuellt","status":"publish","type":"page","link":"https:\/\/solarisenergy.fi\/sv\/aktuellt\/","title":{"rendered":"Aktuellt"},"content":{"rendered":"\n<div class=\"wp-block-columns fifty-fifty is-layout-flex wp-container-core-columns-is-layout-28f84493 wp-block-columns-is-layout-flex\">\n<div class=\"wp-block-column is-layout-flow wp-block-column-is-layout-flow\">\n<h1 class=\"wp-block-heading has-text-align-left h-deco-element has-luminous-vivid-orange-color has-text-color has-link-color wp-elements-c5ebda79b357ba40946c6aaccd064ac5\">Aktuellt<img loading=\"lazy\" decoding=\"async\" width=\"60\" height=\"60\" class=\"wp-image-670\" style=\"width: 60px;\" src=\"https:\/\/solarisenergy.fi\/wp-content\/uploads\/2024\/09\/vakanen-solaris.png\" alt=\"\" srcset=\"https:\/\/solarisenergy.fi\/wp-content\/uploads\/2024\/09\/vakanen-solaris.png 600w, https:\/\/solarisenergy.fi\/wp-content\/uploads\/2024\/09\/vakanen-solaris-300x300.png 300w, https:\/\/solarisenergy.fi\/wp-content\/uploads\/2024\/09\/vakanen-solaris-150x150.png 150w\" sizes=\"auto, (max-width: 60px) 100vw, 60px\" \/><\/h1>\n\n\n\n<figure class=\"wp-block-image size-full powerplant-img\" style=\"margin-bottom:2em\"><img loading=\"lazy\" decoding=\"async\" width=\"855\" height=\"924\" src=\"https:\/\/solarisenergy.fi\/wp-content\/uploads\/2025\/08\/kartta_malli_uusi.png\" alt=\"\" class=\"wp-image-851\" srcset=\"https:\/\/solarisenergy.fi\/wp-content\/uploads\/2025\/08\/kartta_malli_uusi.png 855w, https:\/\/solarisenergy.fi\/wp-content\/uploads\/2025\/08\/kartta_malli_uusi-278x300.png 278w, https:\/\/solarisenergy.fi\/wp-content\/uploads\/2025\/08\/kartta_malli_uusi-768x830.png 768w\" sizes=\"auto, (max-width: 855px) 100vw, 855px\" \/><\/figure>\n<\/div>\n\n\n\n<div class=\"wp-block-column is-layout-flow wp-block-column-is-layout-flow\">\n<p><strong>AkkuX Oy och Solaris Group Oy har inlett samarbete f\u00f6r att utveckla BESS<\/strong><\/p>\n\n\n\n<p>AkkuX Oy och Solaris Group Oy har undertecknat ett samarbetsavtal den 12 februari 2026 f\u00f6r att utveckla flera BESS projekt. De tv\u00e5 f\u00f6rsta projekten kommer att licensieras gemensamt, varefter projekten kommer att \u00f6verf\u00f6ras till AkkuX Oys portfolio. Parterna f\u00f6rhandlar ocks\u00e5 om nya potentiella BESS projekt.<\/p>\n\n\n\n<p><strong>28.10.2025 Kittil\u00e4 <br><\/strong>Undertecknat ett avtal om att bygga ett&nbsp;200 MW batterilager.<\/p>\n\n\n\n<p><strong>15.10.2025 Lapinlax <br><\/strong>Undertecknat ett avtal om att bygga ett&nbsp;30 MW batterilager.<\/p>\n\n\n\n<p><strong>29.9.2025 Ii Jakkukyl\u00e4 <br><\/strong>Avtal undertecknat f\u00f6r en solcellspark p\u00e5 40 MW och&nbsp;ett avtal om att bygga batterilager&nbsp;50 MW + 50 MW.<\/p>\n\n\n\n<p><strong>20.8.2025 Salo <br><\/strong>Undertecknat ett avtal om att bygga ett&nbsp;30 MW batterilager.<\/p>\n\n\n\n<p><strong>13.8.2025 Urjala <br><\/strong>Undertecknat ett avtal om att bygga ett&nbsp;30 MW batterilager.<\/p>\n\n\n\n<p><strong>30.6.2025 Oulainen <br><\/strong>Undertecknat ett avtal om att bygga ett 50 MW&nbsp;batterilager med en storlek p\u00e5 cirka en hektar.<\/p>\n\n\n\n<p><strong>24.6.2025 Sievi <br><\/strong>Undertecknat ett avtal om att bygga ett&nbsp;30 MW batterilager.<\/p>\n\n\n\n<p><strong>11.6.2025 Nivala, Majakangas <\/strong><br>150 MW solcellspark med en storlek p\u00e5 267 hektar. Dessutom byggs ett 50 MW batterilager.<\/p>\n\n\n\n<p><strong>4.6.2025 Rahkasuo<\/strong> <br>Beslut fr\u00e5n NTM-centralen. Ett bed\u00f6mningsf\u00f6rfarande i enlighet med MKB-lagen beh\u00f6vs inte till\u00e4mpas p\u00e5 solkraftsprojektet i Rahkasuo.&nbsp;<\/p>\n\n\n\n<p><strong>23.5.2025 Laukas, Kurkela<\/strong> <br>Undertecknat ett avtal om att bygga ett batterilager med en storlek p\u00e5 cirka en hektar.<\/p>\n\n\n\n<p><strong>23.5.2025 Jaakkola, Viitasaari<\/strong> <br>Undertecknat ett avtal om att bygga ett 15 MW batterilager med en storlek p\u00e5 cirka en hektar.<\/p>\n\n\n\n<p><strong>8.5.2025 Joutseno, Villmanstrand<\/strong> <br>Undertecknat ett avtal om att bygga ett 100 MW batterilager med en storlek p\u00e5 cirka 0,7 hektar.<\/p>\n\n\n\n<p><strong>30.4.2025 Ijo, V\u00e4h\u00e4nlamminkangas<\/strong>&nbsp;<br>En solcellspark p\u00e5 65 hektar med en effekt p\u00e5 40 MW. Dessutom byggs ett 100 MW batterilager.<\/p>\n\n\n\n<p><strong>30.4.2025 Ijo, Isokangas<\/strong> <br>Undertecknat ett avtal om att bygga ett 50 MW batterilager med en storlek p\u00e5 cirka en hektar.<\/p>\n\n\n\n<p><strong>25.4.2025 Lieksa, Vieki&nbsp;<\/strong><br>En solcellspark p\u00e5 150 hektar med en effekt p\u00e5 60 MW. Dessutom byggs ett 30 MW batterilager.<\/p>\n\n\n\n<p><strong>25.4.2025 Lieksa, Jaakonm\u00e4ki <\/strong><br>Undertecknat ett avtal med Lieksa stad. Storleken p\u00e5 batterilagret kommer att vara cirka en hektar och effekten 90 MW.<\/p>\n\n\n\n<p><strong>16.4.2025 <\/strong><br>Utifr\u00e5n ett utl\u00e5tande fr\u00e5n f\u00f6rsvarsmakten har ett avtal undertecknats med VTT om att unders\u00f6ka de skadliga effekterna fr\u00e5n vindkraftverk. Projektplanerna har skickats till VTT.<\/p>\n\n\n\n<p><strong>26.3.2025 Gustav Adolfs<\/strong> <br>Beslut fr\u00e5n NTM-centralen. Ett bed\u00f6mningsf\u00f6rfarande i enlighet med MKB-lagen beh\u00f6vs inte till\u00e4mpas p\u00e5 solkraftsprojektet i Gustav Adolfs.&nbsp;<\/p>\n\n\n\n<p><strong>20.2.2025 Libelits, Mokkee <\/strong> <br>Undertecknat arrendeavtal f\u00f6r projektet. Solcellsparkens areal kommer att vara cirka 100 hektar och kapaciteten 60 MW.<\/p>\n\n\n\n<p><strong>7.2.2025 Ruukki <\/strong><br>Beslut fr\u00e5n NTM-centralen. Ett bed\u00f6mningsf\u00f6rfarande i enlighet med MKB-lagen beh\u00f6vs inte till\u00e4mpas p\u00e5 solkraftsprojektet.<\/p>\n\n\n\n<p><strong>20.1.2025 Tammela, Jockis<\/strong>&nbsp;<br>Undertecknat ett avtal med Jokioisten seurakunta (Jockis f\u00f6rsamling) om anv\u00e4ndningen av ett markomr\u00e5de p\u00e5 207 hektar f\u00f6r att bygga en solcellspark. Den planerade kapaciteten \u00e4r 60 MW. Projektet inkluderar ocks\u00e5 ett batterilager p\u00e5 minst 60 MW.<\/p>\n\n\n\n<p><strong>20.12.2024<\/strong> <strong>F\u00f6rsvarsmakten<\/strong> har skickat ett utl\u00e5tande enligt vilket VTT m\u00e5ste utreda de negativa konsekvenserna fr\u00e5n vindkraftverk.<strong>&nbsp;<\/strong><\/p>\n\n\n\n<p><strong>15.10.2024 Listim\u00e4-Suuas&nbsp;<\/strong><br>Projektets f\u00f6rstudie och f\u00f6rhandlingarna med mark\u00e4garna har inletts. Storleksklassen \u00e4r cirka 400 MW vindkraft, 150 MW solkraft och 50 MW batterilager.<\/p>\n\n\n\n<p><strong>2.12.2024<\/strong> <br>De f\u00f6rstudier av den f\u00f6rsta och andra fasen av Kitee solpark har slutf\u00f6rts.<\/p>\n\n\n\n<p><strong>1.10.<\/strong>&nbsp;<strong>2024<\/strong> Kontrakten f\u00f6r den andra fasen av Kitee har undertecknats.<\/p>\n\n\n\n<p><strong>27.9.2024<\/strong> \u00e4r f\u00f6rstudien f\u00f6r solcellsparken Ukaa klar och f\u00f6rberedelserna f\u00f6r ans\u00f6kan om bygglov har p\u00e5b\u00f6rjats.<\/p>\n\n\n\n<p><strong>24.9.2024<\/strong> Solaris Group inleder samarbete med det ledande h\u00e5llbarhetskonsultf\u00f6retaget Ethan. I det l\u00e5ngsiktiga samarbetsavtalet ing\u00e5r bland annat r\u00e5dgivning kring tillst\u00e5nds- och finansieringsfr\u00e5gor relaterade till byggande av solcellsparker, d\u00e4r Etha har l\u00e5ng erfarenhet.<\/p>\n\n\n\n<p><strong>13.9.2024<\/strong> Solaris Group som utvecklare av Tarvasjoki vind- och solenergiprojekt i Liedo. Vindkraftsparken har bygglov och markuppl\u00e5telseavtal har tecknats.<\/p>\n\n\n\n<p><strong>9.9.2024<\/strong>d\u00f6ptes Tarvasjoki Lieto om till Rahkasuo Lieto. F\u00f6rstudien f\u00f6r projektet \u00e4r avslutad och f\u00f6rberedelserna f\u00f6r ans\u00f6kan om bygglov har p\u00e5b\u00f6rjats.<\/p>\n\n\n\n<p><strong>9.9.<\/strong> <strong>2024<\/strong> F\u00f6rstudien f\u00f6r Hartola Ruskeala-projektet \u00e4r klar och f\u00f6rberedelserna f\u00f6r ans\u00f6kan om bygglov har p\u00e5b\u00f6rjats.<\/p>\n\n\n\n<p><strong>5.9.2024<\/strong> &nbsp;\u00e4r f\u00f6rstudien f\u00f6r Ruukkis solcellspark klar och f\u00f6rberedelserna f\u00f6r ans\u00f6kan om bygglov har p\u00e5b\u00f6rjats.<\/p>\n\n\n\n<p><strong>22.8.2024<\/strong> Markarrendeavtal f\u00f6r det 100 hektar stora projektomr\u00e5det i Hartola Ruskeala solcellspark har undertecknats. F\u00f6runders\u00f6kningar i omr\u00e5det har inletts. Enligt prelimin\u00e4ra uppskattningar kommer ett 60MW solkraftverk och batterisystem att byggas i Ruskeala.<\/p>\n\n\n\n<p><strong>9.8.2024<\/strong> Markarrendeavtal f\u00f6r det cirka 60 hektar stora projektomr\u00e5det Siikajoki Ruukki solcellspark har tecknats. F\u00f6runders\u00f6kningar har inletts. Ett 50MW solkraftverk och batterisystem kommer att byggas i omr\u00e5det.<\/p>\n\n\n\n<p><strong>1.8.2024<\/strong> Markarrendeavtalen f\u00f6r den f\u00f6rsta etappen (ca 95 ha) av solenergiparken Kitee har undertecknats. M\u00e5let \u00e4r att under h\u00f6sten 2024 teckna avtalen f\u00f6r n\u00e4sta fas.<\/p>\n\n\n\n<p><strong>10.7.2024<\/strong> Markarrendeavtalen f\u00f6r solenergiparken Tammerfors Ukaa har undertecknats. Omr\u00e5det omfattar cirka 230 hektar. F\u00f6rstudier har p\u00e5b\u00f6rjats och enligt prelimin\u00e4ra uppskattningar kommer ett 130MW solkraftverk och batterisystem att byggas i omr\u00e5det.<\/p>\n<\/div>\n<\/div>\n","protected":false},"excerpt":{"rendered":"<p>Aktuellt AkkuX Oy och Solaris Group Oy har inlett samarbete f\u00f6r att utveckla BESS AkkuX Oy och Solaris Group Oy har undertecknat ett samarbetsavtal den 12 februari 2026 f\u00f6r att utveckla flera BESS projekt. De tv\u00e5 f\u00f6rsta projekten kommer att licensieras gemensamt, varefter projekten kommer att \u00f6verf\u00f6ras till AkkuX Oys portfolio. Parterna f\u00f6rhandlar ocks\u00e5 om [&hellip;]<\/p>\n","protected":false},"author":1,"featured_media":0,"parent":0,"menu_order":0,"comment_status":"closed","ping_status":"closed","template":"","meta":{"footnotes":""},"class_list":["post-768","page","type-page","status-publish","hentry"],"yoast_head":"<!-- This site is optimized with the Yoast SEO plugin v27.5 - https:\/\/yoast.com\/product\/yoast-seo-wordpress\/ -->\n<title>Aktuellt - Solaris Energy<\/title>\n<meta name=\"robots\" content=\"index, follow, max-snippet:-1, max-image-preview:large, max-video-preview:-1\" \/>\n<link rel=\"canonical\" href=\"https:\/\/solarisenergy.fi\/sv\/aktuellt\/\" \/>\n<meta property=\"og:locale\" content=\"sv_SE\" \/>\n<meta property=\"og:type\" content=\"article\" \/>\n<meta property=\"og:title\" content=\"Aktuellt - Solaris Energy\" \/>\n<meta property=\"og:description\" content=\"Aktuellt AkkuX Oy och Solaris Group Oy har inlett samarbete f\u00f6r att utveckla BESS AkkuX Oy och Solaris Group Oy har undertecknat ett samarbetsavtal den 12 februari 2026 f\u00f6r att utveckla flera BESS projekt. De tv\u00e5 f\u00f6rsta projekten kommer att licensieras gemensamt, varefter projekten kommer att \u00f6verf\u00f6ras till AkkuX Oys portfolio. Parterna f\u00f6rhandlar ocks\u00e5 om [&hellip;]\" \/>\n<meta property=\"og:url\" content=\"https:\/\/solarisenergy.fi\/sv\/aktuellt\/\" \/>\n<meta property=\"og:site_name\" content=\"Solaris Energy\" \/>\n<meta property=\"article:modified_time\" content=\"2026-03-09T12:10:01+00:00\" \/>\n<meta property=\"og:image\" content=\"https:\/\/solarisenergy.fi\/wp-content\/uploads\/2024\/09\/vakanen-solaris.png\" \/>\n\t<meta property=\"og:image:width\" content=\"600\" \/>\n\t<meta property=\"og:image:height\" content=\"600\" \/>\n\t<meta property=\"og:image:type\" content=\"image\/png\" \/>\n<meta name=\"twitter:card\" content=\"summary_large_image\" \/>\n<meta name=\"twitter:label1\" content=\"Ber\u00e4knad l\u00e4stid\" \/>\n\t<meta name=\"twitter:data1\" content=\"6 minuter\" \/>\n<script type=\"application\/ld+json\" class=\"yoast-schema-graph\">{\"@context\":\"https:\\\/\\\/schema.org\",\"@graph\":[{\"@type\":\"WebPage\",\"@id\":\"https:\\\/\\\/solarisenergy.fi\\\/sv\\\/aktuellt\\\/\",\"url\":\"https:\\\/\\\/solarisenergy.fi\\\/sv\\\/aktuellt\\\/\",\"name\":\"Aktuellt - Solaris Energy\",\"isPartOf\":{\"@id\":\"https:\\\/\\\/solarisenergy.local\\\/#website\"},\"primaryImageOfPage\":{\"@id\":\"https:\\\/\\\/solarisenergy.fi\\\/sv\\\/aktuellt\\\/#primaryimage\"},\"image\":{\"@id\":\"https:\\\/\\\/solarisenergy.fi\\\/sv\\\/aktuellt\\\/#primaryimage\"},\"thumbnailUrl\":\"https:\\\/\\\/solarisenergy.fi\\\/wp-content\\\/uploads\\\/2024\\\/09\\\/vakanen-solaris.png\",\"datePublished\":\"2024-09-20T09:10:01+00:00\",\"dateModified\":\"2026-03-09T12:10:01+00:00\",\"inLanguage\":\"sv-SE\",\"potentialAction\":[{\"@type\":\"ReadAction\",\"target\":[\"https:\\\/\\\/solarisenergy.fi\\\/sv\\\/aktuellt\\\/\"]}]},{\"@type\":\"ImageObject\",\"inLanguage\":\"sv-SE\",\"@id\":\"https:\\\/\\\/solarisenergy.fi\\\/sv\\\/aktuellt\\\/#primaryimage\",\"url\":\"https:\\\/\\\/solarisenergy.fi\\\/wp-content\\\/uploads\\\/2024\\\/09\\\/vakanen-solaris.png\",\"contentUrl\":\"https:\\\/\\\/solarisenergy.fi\\\/wp-content\\\/uploads\\\/2024\\\/09\\\/vakanen-solaris.png\"},{\"@type\":\"WebSite\",\"@id\":\"https:\\\/\\\/solarisenergy.local\\\/#website\",\"url\":\"https:\\\/\\\/solarisenergy.local\\\/\",\"name\":\"Solaris Energy\",\"description\":\"\",\"publisher\":{\"@id\":\"https:\\\/\\\/solarisenergy.local\\\/#organization\"},\"potentialAction\":[{\"@type\":\"SearchAction\",\"target\":{\"@type\":\"EntryPoint\",\"urlTemplate\":\"https:\\\/\\\/solarisenergy.local\\\/?s={search_term_string}\"},\"query-input\":{\"@type\":\"PropertyValueSpecification\",\"valueRequired\":true,\"valueName\":\"search_term_string\"}}],\"inLanguage\":\"sv-SE\"},{\"@type\":\"Organization\",\"@id\":\"https:\\\/\\\/solarisenergy.local\\\/#organization\",\"name\":\"Solaris Energy\",\"url\":\"https:\\\/\\\/solarisenergy.local\\\/\",\"logo\":{\"@type\":\"ImageObject\",\"inLanguage\":\"sv-SE\",\"@id\":\"https:\\\/\\\/solarisenergy.local\\\/#\\\/schema\\\/logo\\\/image\\\/\",\"url\":\"https:\\\/\\\/solarisenergy.fi\\\/wp-content\\\/uploads\\\/2024\\\/02\\\/SolarisGroup_logo2.png\",\"contentUrl\":\"https:\\\/\\\/solarisenergy.fi\\\/wp-content\\\/uploads\\\/2024\\\/02\\\/SolarisGroup_logo2.png\",\"width\":1059,\"height\":177,\"caption\":\"Solaris Energy\"},\"image\":{\"@id\":\"https:\\\/\\\/solarisenergy.local\\\/#\\\/schema\\\/logo\\\/image\\\/\"}}]}<\/script>\n<!-- \/ Yoast SEO plugin. -->","yoast_head_json":{"title":"Aktuellt - Solaris Energy","robots":{"index":"index","follow":"follow","max-snippet":"max-snippet:-1","max-image-preview":"max-image-preview:large","max-video-preview":"max-video-preview:-1"},"canonical":"https:\/\/solarisenergy.fi\/sv\/aktuellt\/","og_locale":"sv_SE","og_type":"article","og_title":"Aktuellt - Solaris Energy","og_description":"Aktuellt AkkuX Oy och Solaris Group Oy har inlett samarbete f\u00f6r att utveckla BESS AkkuX Oy och Solaris Group Oy har undertecknat ett samarbetsavtal den 12 februari 2026 f\u00f6r att utveckla flera BESS projekt. De tv\u00e5 f\u00f6rsta projekten kommer att licensieras gemensamt, varefter projekten kommer att \u00f6verf\u00f6ras till AkkuX Oys portfolio. Parterna f\u00f6rhandlar ocks\u00e5 om [&hellip;]","og_url":"https:\/\/solarisenergy.fi\/sv\/aktuellt\/","og_site_name":"Solaris Energy","article_modified_time":"2026-03-09T12:10:01+00:00","og_image":[{"width":600,"height":600,"url":"https:\/\/solarisenergy.fi\/wp-content\/uploads\/2024\/09\/vakanen-solaris.png","type":"image\/png"}],"twitter_card":"summary_large_image","twitter_misc":{"Ber\u00e4knad l\u00e4stid":"6 minuter"},"schema":{"@context":"https:\/\/schema.org","@graph":[{"@type":"WebPage","@id":"https:\/\/solarisenergy.fi\/sv\/aktuellt\/","url":"https:\/\/solarisenergy.fi\/sv\/aktuellt\/","name":"Aktuellt - Solaris Energy","isPartOf":{"@id":"https:\/\/solarisenergy.local\/#website"},"primaryImageOfPage":{"@id":"https:\/\/solarisenergy.fi\/sv\/aktuellt\/#primaryimage"},"image":{"@id":"https:\/\/solarisenergy.fi\/sv\/aktuellt\/#primaryimage"},"thumbnailUrl":"https:\/\/solarisenergy.fi\/wp-content\/uploads\/2024\/09\/vakanen-solaris.png","datePublished":"2024-09-20T09:10:01+00:00","dateModified":"2026-03-09T12:10:01+00:00","inLanguage":"sv-SE","potentialAction":[{"@type":"ReadAction","target":["https:\/\/solarisenergy.fi\/sv\/aktuellt\/"]}]},{"@type":"ImageObject","inLanguage":"sv-SE","@id":"https:\/\/solarisenergy.fi\/sv\/aktuellt\/#primaryimage","url":"https:\/\/solarisenergy.fi\/wp-content\/uploads\/2024\/09\/vakanen-solaris.png","contentUrl":"https:\/\/solarisenergy.fi\/wp-content\/uploads\/2024\/09\/vakanen-solaris.png"},{"@type":"WebSite","@id":"https:\/\/solarisenergy.local\/#website","url":"https:\/\/solarisenergy.local\/","name":"Solaris Energy","description":"","publisher":{"@id":"https:\/\/solarisenergy.local\/#organization"},"potentialAction":[{"@type":"SearchAction","target":{"@type":"EntryPoint","urlTemplate":"https:\/\/solarisenergy.local\/?s={search_term_string}"},"query-input":{"@type":"PropertyValueSpecification","valueRequired":true,"valueName":"search_term_string"}}],"inLanguage":"sv-SE"},{"@type":"Organization","@id":"https:\/\/solarisenergy.local\/#organization","name":"Solaris Energy","url":"https:\/\/solarisenergy.local\/","logo":{"@type":"ImageObject","inLanguage":"sv-SE","@id":"https:\/\/solarisenergy.local\/#\/schema\/logo\/image\/","url":"https:\/\/solarisenergy.fi\/wp-content\/uploads\/2024\/02\/SolarisGroup_logo2.png","contentUrl":"https:\/\/solarisenergy.fi\/wp-content\/uploads\/2024\/02\/SolarisGroup_logo2.png","width":1059,"height":177,"caption":"Solaris Energy"},"image":{"@id":"https:\/\/solarisenergy.local\/#\/schema\/logo\/image\/"}}]}},"_links":{"self":[{"href":"https:\/\/solarisenergy.fi\/sv\/wp-json\/wp\/v2\/pages\/768","targetHints":{"allow":["GET"]}}],"collection":[{"href":"https:\/\/solarisenergy.fi\/sv\/wp-json\/wp\/v2\/pages"}],"about":[{"href":"https:\/\/solarisenergy.fi\/sv\/wp-json\/wp\/v2\/types\/page"}],"author":[{"embeddable":true,"href":"https:\/\/solarisenergy.fi\/sv\/wp-json\/wp\/v2\/users\/1"}],"replies":[{"embeddable":true,"href":"https:\/\/solarisenergy.fi\/sv\/wp-json\/wp\/v2\/comments?post=768"}],"version-history":[{"count":16,"href":"https:\/\/solarisenergy.fi\/sv\/wp-json\/wp\/v2\/pages\/768\/revisions"}],"predecessor-version":[{"id":1108,"href":"https:\/\/solarisenergy.fi\/sv\/wp-json\/wp\/v2\/pages\/768\/revisions\/1108"}],"wp:attachment":[{"href":"https:\/\/solarisenergy.fi\/sv\/wp-json\/wp\/v2\/media?parent=768"}],"curies":[{"name":"wp","href":"https:\/\/api.w.org\/{rel}","templated":true}]}}