{"id":902,"date":"2024-02-15T17:21:58","date_gmt":"2024-02-15T15:21:58","guid":{"rendered":"https:\/\/solarisenergy.local\/?page_id=902"},"modified":"2025-08-07T13:12:49","modified_gmt":"2025-08-07T10:12:49","slug":"markagare-och-kommuner","status":"publish","type":"page","link":"https:\/\/solarisenergy.fi\/sv\/markagare-och-kommuner\/","title":{"rendered":"Mark\u00e4gare och kommuner"},"content":{"rendered":"\n<div class=\"wp-block-columns fifty-fifty flex-rev-on-mbl is-layout-flex wp-container-core-columns-is-layout-28f84493 wp-block-columns-is-layout-flex\" id=\"maanomistaja\">\n<div class=\"wp-block-column is-layout-flow wp-block-column-is-layout-flow\">\n<div class=\"wp-block-cover is-light\" style=\"min-height:75vh;aspect-ratio:unset;\"><img loading=\"lazy\" decoding=\"async\" width=\"1920\" height=\"1282\" class=\"wp-block-cover__image-background wp-image-46\" alt=\"Mies katsomassa yl\u00f6s tablettitietokone k\u00e4siss\u00e4\u00e4n.\" src=\"https:\/\/solarisenergy.fi\/wp-content\/uploads\/2024\/02\/mies_padi.jpg\" data-object-fit=\"cover\" srcset=\"https:\/\/solarisenergy.fi\/wp-content\/uploads\/2024\/02\/mies_padi.jpg 1920w, https:\/\/solarisenergy.fi\/wp-content\/uploads\/2024\/02\/mies_padi-300x200.jpg 300w, https:\/\/solarisenergy.fi\/wp-content\/uploads\/2024\/02\/mies_padi-1024x684.jpg 1024w, https:\/\/solarisenergy.fi\/wp-content\/uploads\/2024\/02\/mies_padi-768x513.jpg 768w, https:\/\/solarisenergy.fi\/wp-content\/uploads\/2024\/02\/mies_padi-1536x1026.jpg 1536w\" sizes=\"auto, (max-width: 1920px) 100vw, 1920px\" \/><span aria-hidden=\"true\" class=\"wp-block-cover__background has-background-dim-0 has-background-dim\" style=\"background-color:#ababab\"><\/span><div class=\"wp-block-cover__inner-container has-global-padding is-layout-constrained wp-block-cover-is-layout-constrained\">\n<p class=\"has-text-align-center has-large-font-size\"><\/p>\n<\/div><\/div>\n<\/div>\n\n\n\n<div class=\"wp-block-column is-layout-flow wp-block-column-is-layout-flow\">\n<div class=\"wp-block-columns is-layout-flex wp-container-core-columns-is-layout-28f84493 wp-block-columns-is-layout-flex\">\n<div class=\"wp-block-column is-layout-flow wp-block-column-is-layout-flow\">\n<h2 class=\"wp-block-heading has-text-align-center\">MARK\u00c4GARE<\/h2>\n\n\n\n<p>Vill du vara med och skapa ren,f\u00f6rnybar energi f\u00f6r v\u00e4rlden? Genom att hyra ut mark till oss s\u00e5 f\u00e5r du en l\u00e5ngsiktig och stabil inkomst.<\/p>\n\n\n\n<p>Vi sk\u00f6ter alla tillst\u00e5nd och allt pappersarbete \u00e5t dig. Du beh\u00f6ver bara skriva p\u00e5 hyresavtalet och l\u00e5ta solen g\u00f6ra sitt.<\/p>\n\n\n\n<div class=\"wp-block-buttons is-content-justification-left is-layout-flex wp-container-core-buttons-is-layout-fc4fd283 wp-block-buttons-is-layout-flex\">\n<div class=\"wp-block-button\"><a class=\"wp-block-button__link wp-element-button\" href=\"\/sv#kontakta-oss\">Kontakta oss<\/a><\/div>\n<\/div>\n<\/div>\n<\/div>\n<\/div>\n<\/div>\n\n\n\n<div class=\"wp-block-columns fifty-fifty flex-rev-on-mbl is-layout-flex wp-container-core-columns-is-layout-28f84493 wp-block-columns-is-layout-flex\" id=\"vihrea-energia-ja-kunnat\">\n<div class=\"wp-block-column is-layout-flow wp-block-column-is-layout-flow\">\n<div class=\"wp-block-columns is-layout-flex wp-container-core-columns-is-layout-28f84493 wp-block-columns-is-layout-flex\">\n<div class=\"wp-block-column is-layout-flow wp-block-column-is-layout-flow\">\n<h2 class=\"wp-block-heading has-text-align-center\">GR\u00d6N ENERGI OCH KOMMUNER<\/h2>\n\n\n\n<p>Kommunernas ekonomi ser i genomsnitt svagare ut \u00e4n kanske n\u00e5gonsin i v\u00e5rt lands historia. Befolkningens \u00e5ldrande och minskningen av f\u00f6delsetal leder till flerdimensionella utmaningar. I vissa av Finlands kommuner minskar befolkningen och skatteuttaget samtidigt.<\/p>\n\n\n\n<p>I tillv\u00e4xtkommuner m\u00e5ste man \u00f6ka servicen och g\u00f6ra investeringar, men arbetskraften r\u00e4cker inte till f\u00f6r att tillgodose det v\u00e4xande servicebehovet.<\/p>\n\n\n\n<p>En kommun kan dock bli framg\u00e5ngsrik \u00e4ven i sv\u00e5ra tider. Den gr\u00f6na omst\u00e4llningen, sol- och vindkraft kan vara ov\u00e4rderlig hj\u00e4lp f\u00f6r att balansera kommunernas ekonomi.<\/p>\n\n\n\n<p>Gemenskaplig energi kan produceras p\u00e5 ett milj\u00f6v\u00e4nligt s\u00e4tt. Solaris Group har l\u00f6sningar f\u00f6r kommunernas egen produktion av gr\u00f6n energi.<\/p>\n\n\n\n<p style=\"margin-bottom:1em\">Som en del av gr\u00f6na omst\u00e4llningsprojekt kan Solaris Group hj\u00e4lpa kommunernas inv\u00e5nare att f\u00f6rst\u00e5 verksamhetens betydelse f\u00f6r kommunens framtid. F\u00f6r detta \u00e4ndam\u00e5l har f\u00f6retaget de kanske b\u00e4sta prognosverktygen i landet till sitt f\u00f6rfogande.<\/p>\n\n\n\n<div class=\"wp-block-buttons is-content-justification-left is-layout-flex wp-container-core-buttons-is-layout-fc4fd283 wp-block-buttons-is-layout-flex\">\n<div class=\"wp-block-button\"><a class=\"wp-block-button__link wp-element-button\" href=\"\/sv#kontakta-oss\">Kontakta oss<\/a><\/div>\n<\/div>\n<\/div>\n<\/div>\n<\/div>\n\n\n\n<div class=\"wp-block-column is-layout-flow wp-block-column-is-layout-flow\">\n<div class=\"wp-block-cover is-light maximize-height\" style=\"min-height:960px;aspect-ratio:unset;\"><img loading=\"lazy\" decoding=\"async\" width=\"1080\" height=\"1349\" class=\"wp-block-cover__image-background wp-image-50\" alt=\"\" src=\"https:\/\/solarisenergy.fi\/wp-content\/uploads\/2024\/02\/toppatakkinainen.jpg\" data-object-fit=\"cover\" srcset=\"https:\/\/solarisenergy.fi\/wp-content\/uploads\/2024\/02\/toppatakkinainen.jpg 1080w, https:\/\/solarisenergy.fi\/wp-content\/uploads\/2024\/02\/toppatakkinainen-240x300.jpg 240w, https:\/\/solarisenergy.fi\/wp-content\/uploads\/2024\/02\/toppatakkinainen-820x1024.jpg 820w, https:\/\/solarisenergy.fi\/wp-content\/uploads\/2024\/02\/toppatakkinainen-768x959.jpg 768w\" sizes=\"auto, (max-width: 1080px) 100vw, 1080px\" \/><span aria-hidden=\"true\" class=\"wp-block-cover__background has-background-dim-0 has-background-dim\" style=\"background-color:#808080\"><\/span><div class=\"wp-block-cover__inner-container has-global-padding is-layout-constrained wp-block-cover-is-layout-constrained\">\n<p class=\"has-text-align-center has-large-font-size\"><\/p>\n<\/div><\/div>\n<\/div>\n<\/div>\n","protected":false},"excerpt":{"rendered":"<p>MARK\u00c4GARE Vill du vara med och skapa ren,f\u00f6rnybar energi f\u00f6r v\u00e4rlden? Genom att hyra ut mark till oss s\u00e5 f\u00e5r du en l\u00e5ngsiktig och stabil inkomst. Vi sk\u00f6ter alla tillst\u00e5nd och allt pappersarbete \u00e5t dig. Du beh\u00f6ver bara skriva p\u00e5 hyresavtalet och l\u00e5ta solen g\u00f6ra sitt. GR\u00d6N ENERGI OCH KOMMUNER Kommunernas ekonomi ser i genomsnitt [&hellip;]<\/p>\n","protected":false},"author":4,"featured_media":0,"parent":0,"menu_order":0,"comment_status":"closed","ping_status":"closed","template":"","meta":{"footnotes":""},"class_list":["post-902","page","type-page","status-publish","hentry"],"yoast_head":"<!-- This site is optimized with the Yoast SEO plugin v27.5 - https:\/\/yoast.com\/product\/yoast-seo-wordpress\/ -->\n<title>Mark\u00e4gare och kommuner - Solaris Energy<\/title>\n<meta name=\"robots\" content=\"index, follow, max-snippet:-1, max-image-preview:large, max-video-preview:-1\" \/>\n<link rel=\"canonical\" href=\"https:\/\/solarisenergy.fi\/sv\/markagare-och-kommuner\/\" \/>\n<meta property=\"og:locale\" content=\"sv_SE\" \/>\n<meta property=\"og:type\" content=\"article\" \/>\n<meta property=\"og:title\" content=\"Mark\u00e4gare och kommuner - Solaris Energy\" \/>\n<meta property=\"og:description\" content=\"MARK\u00c4GARE Vill du vara med och skapa ren,f\u00f6rnybar energi f\u00f6r v\u00e4rlden? Genom att hyra ut mark till oss s\u00e5 f\u00e5r du en l\u00e5ngsiktig och stabil inkomst. Vi sk\u00f6ter alla tillst\u00e5nd och allt pappersarbete \u00e5t dig. Du beh\u00f6ver bara skriva p\u00e5 hyresavtalet och l\u00e5ta solen g\u00f6ra sitt. GR\u00d6N ENERGI OCH KOMMUNER Kommunernas ekonomi ser i genomsnitt [&hellip;]\" \/>\n<meta property=\"og:url\" content=\"https:\/\/solarisenergy.fi\/sv\/markagare-och-kommuner\/\" \/>\n<meta property=\"og:site_name\" content=\"Solaris Energy\" \/>\n<meta property=\"article:modified_time\" content=\"2025-08-07T10:12:49+00:00\" \/>\n<meta property=\"og:image\" content=\"https:\/\/solarisenergy.fi\/wp-content\/uploads\/2024\/02\/mies_padi.jpg\" \/>\n\t<meta property=\"og:image:width\" content=\"1920\" \/>\n\t<meta property=\"og:image:height\" content=\"1282\" \/>\n\t<meta property=\"og:image:type\" content=\"image\/jpeg\" \/>\n<meta name=\"twitter:card\" content=\"summary_large_image\" \/>\n<meta name=\"twitter:label1\" content=\"Ber\u00e4knad l\u00e4stid\" \/>\n\t<meta name=\"twitter:data1\" content=\"2 minuter\" \/>\n<script type=\"application\/ld+json\" class=\"yoast-schema-graph\">{\"@context\":\"https:\\\/\\\/schema.org\",\"@graph\":[{\"@type\":\"WebPage\",\"@id\":\"https:\\\/\\\/solarisenergy.fi\\\/sv\\\/markagare-och-kommuner\\\/\",\"url\":\"https:\\\/\\\/solarisenergy.fi\\\/sv\\\/markagare-och-kommuner\\\/\",\"name\":\"Mark\u00e4gare och kommuner - Solaris Energy\",\"isPartOf\":{\"@id\":\"https:\\\/\\\/solarisenergy.local\\\/#website\"},\"primaryImageOfPage\":{\"@id\":\"https:\\\/\\\/solarisenergy.fi\\\/sv\\\/markagare-och-kommuner\\\/#primaryimage\"},\"image\":{\"@id\":\"https:\\\/\\\/solarisenergy.fi\\\/sv\\\/markagare-och-kommuner\\\/#primaryimage\"},\"thumbnailUrl\":\"https:\\\/\\\/solarisenergy.fi\\\/wp-content\\\/uploads\\\/2024\\\/02\\\/mies_padi.jpg\",\"datePublished\":\"2024-02-15T15:21:58+00:00\",\"dateModified\":\"2025-08-07T10:12:49+00:00\",\"inLanguage\":\"sv-SE\",\"potentialAction\":[{\"@type\":\"ReadAction\",\"target\":[\"https:\\\/\\\/solarisenergy.fi\\\/sv\\\/markagare-och-kommuner\\\/\"]}]},{\"@type\":\"ImageObject\",\"inLanguage\":\"sv-SE\",\"@id\":\"https:\\\/\\\/solarisenergy.fi\\\/sv\\\/markagare-och-kommuner\\\/#primaryimage\",\"url\":\"https:\\\/\\\/solarisenergy.fi\\\/wp-content\\\/uploads\\\/2024\\\/02\\\/mies_padi.jpg\",\"contentUrl\":\"https:\\\/\\\/solarisenergy.fi\\\/wp-content\\\/uploads\\\/2024\\\/02\\\/mies_padi.jpg\"},{\"@type\":\"WebSite\",\"@id\":\"https:\\\/\\\/solarisenergy.local\\\/#website\",\"url\":\"https:\\\/\\\/solarisenergy.local\\\/\",\"name\":\"Solaris Energy\",\"description\":\"\",\"publisher\":{\"@id\":\"https:\\\/\\\/solarisenergy.local\\\/#organization\"},\"potentialAction\":[{\"@type\":\"SearchAction\",\"target\":{\"@type\":\"EntryPoint\",\"urlTemplate\":\"https:\\\/\\\/solarisenergy.local\\\/?s={search_term_string}\"},\"query-input\":{\"@type\":\"PropertyValueSpecification\",\"valueRequired\":true,\"valueName\":\"search_term_string\"}}],\"inLanguage\":\"sv-SE\"},{\"@type\":\"Organization\",\"@id\":\"https:\\\/\\\/solarisenergy.local\\\/#organization\",\"name\":\"Solaris Energy\",\"url\":\"https:\\\/\\\/solarisenergy.local\\\/\",\"logo\":{\"@type\":\"ImageObject\",\"inLanguage\":\"sv-SE\",\"@id\":\"https:\\\/\\\/solarisenergy.local\\\/#\\\/schema\\\/logo\\\/image\\\/\",\"url\":\"https:\\\/\\\/solarisenergy.fi\\\/wp-content\\\/uploads\\\/2024\\\/02\\\/SolarisGroup_logo2.png\",\"contentUrl\":\"https:\\\/\\\/solarisenergy.fi\\\/wp-content\\\/uploads\\\/2024\\\/02\\\/SolarisGroup_logo2.png\",\"width\":1059,\"height\":177,\"caption\":\"Solaris Energy\"},\"image\":{\"@id\":\"https:\\\/\\\/solarisenergy.local\\\/#\\\/schema\\\/logo\\\/image\\\/\"}}]}<\/script>\n<!-- \/ Yoast SEO plugin. -->","yoast_head_json":{"title":"Mark\u00e4gare och kommuner - Solaris Energy","robots":{"index":"index","follow":"follow","max-snippet":"max-snippet:-1","max-image-preview":"max-image-preview:large","max-video-preview":"max-video-preview:-1"},"canonical":"https:\/\/solarisenergy.fi\/sv\/markagare-och-kommuner\/","og_locale":"sv_SE","og_type":"article","og_title":"Mark\u00e4gare och kommuner - Solaris Energy","og_description":"MARK\u00c4GARE Vill du vara med och skapa ren,f\u00f6rnybar energi f\u00f6r v\u00e4rlden? Genom att hyra ut mark till oss s\u00e5 f\u00e5r du en l\u00e5ngsiktig och stabil inkomst. Vi sk\u00f6ter alla tillst\u00e5nd och allt pappersarbete \u00e5t dig. Du beh\u00f6ver bara skriva p\u00e5 hyresavtalet och l\u00e5ta solen g\u00f6ra sitt. GR\u00d6N ENERGI OCH KOMMUNER Kommunernas ekonomi ser i genomsnitt [&hellip;]","og_url":"https:\/\/solarisenergy.fi\/sv\/markagare-och-kommuner\/","og_site_name":"Solaris Energy","article_modified_time":"2025-08-07T10:12:49+00:00","og_image":[{"width":1920,"height":1282,"url":"https:\/\/solarisenergy.fi\/wp-content\/uploads\/2024\/02\/mies_padi.jpg","type":"image\/jpeg"}],"twitter_card":"summary_large_image","twitter_misc":{"Ber\u00e4knad l\u00e4stid":"2 minuter"},"schema":{"@context":"https:\/\/schema.org","@graph":[{"@type":"WebPage","@id":"https:\/\/solarisenergy.fi\/sv\/markagare-och-kommuner\/","url":"https:\/\/solarisenergy.fi\/sv\/markagare-och-kommuner\/","name":"Mark\u00e4gare och kommuner - Solaris Energy","isPartOf":{"@id":"https:\/\/solarisenergy.local\/#website"},"primaryImageOfPage":{"@id":"https:\/\/solarisenergy.fi\/sv\/markagare-och-kommuner\/#primaryimage"},"image":{"@id":"https:\/\/solarisenergy.fi\/sv\/markagare-och-kommuner\/#primaryimage"},"thumbnailUrl":"https:\/\/solarisenergy.fi\/wp-content\/uploads\/2024\/02\/mies_padi.jpg","datePublished":"2024-02-15T15:21:58+00:00","dateModified":"2025-08-07T10:12:49+00:00","inLanguage":"sv-SE","potentialAction":[{"@type":"ReadAction","target":["https:\/\/solarisenergy.fi\/sv\/markagare-och-kommuner\/"]}]},{"@type":"ImageObject","inLanguage":"sv-SE","@id":"https:\/\/solarisenergy.fi\/sv\/markagare-och-kommuner\/#primaryimage","url":"https:\/\/solarisenergy.fi\/wp-content\/uploads\/2024\/02\/mies_padi.jpg","contentUrl":"https:\/\/solarisenergy.fi\/wp-content\/uploads\/2024\/02\/mies_padi.jpg"},{"@type":"WebSite","@id":"https:\/\/solarisenergy.local\/#website","url":"https:\/\/solarisenergy.local\/","name":"Solaris Energy","description":"","publisher":{"@id":"https:\/\/solarisenergy.local\/#organization"},"potentialAction":[{"@type":"SearchAction","target":{"@type":"EntryPoint","urlTemplate":"https:\/\/solarisenergy.local\/?s={search_term_string}"},"query-input":{"@type":"PropertyValueSpecification","valueRequired":true,"valueName":"search_term_string"}}],"inLanguage":"sv-SE"},{"@type":"Organization","@id":"https:\/\/solarisenergy.local\/#organization","name":"Solaris Energy","url":"https:\/\/solarisenergy.local\/","logo":{"@type":"ImageObject","inLanguage":"sv-SE","@id":"https:\/\/solarisenergy.local\/#\/schema\/logo\/image\/","url":"https:\/\/solarisenergy.fi\/wp-content\/uploads\/2024\/02\/SolarisGroup_logo2.png","contentUrl":"https:\/\/solarisenergy.fi\/wp-content\/uploads\/2024\/02\/SolarisGroup_logo2.png","width":1059,"height":177,"caption":"Solaris Energy"},"image":{"@id":"https:\/\/solarisenergy.local\/#\/schema\/logo\/image\/"}}]}},"_links":{"self":[{"href":"https:\/\/solarisenergy.fi\/sv\/wp-json\/wp\/v2\/pages\/902","targetHints":{"allow":["GET"]}}],"collection":[{"href":"https:\/\/solarisenergy.fi\/sv\/wp-json\/wp\/v2\/pages"}],"about":[{"href":"https:\/\/solarisenergy.fi\/sv\/wp-json\/wp\/v2\/types\/page"}],"author":[{"embeddable":true,"href":"https:\/\/solarisenergy.fi\/sv\/wp-json\/wp\/v2\/users\/4"}],"replies":[{"embeddable":true,"href":"https:\/\/solarisenergy.fi\/sv\/wp-json\/wp\/v2\/comments?post=902"}],"version-history":[{"count":2,"href":"https:\/\/solarisenergy.fi\/sv\/wp-json\/wp\/v2\/pages\/902\/revisions"}],"predecessor-version":[{"id":980,"href":"https:\/\/solarisenergy.fi\/sv\/wp-json\/wp\/v2\/pages\/902\/revisions\/980"}],"wp:attachment":[{"href":"https:\/\/solarisenergy.fi\/sv\/wp-json\/wp\/v2\/media?parent=902"}],"curies":[{"name":"wp","href":"https:\/\/api.w.org\/{rel}","templated":true}]}}